{"id":999,"date":"2021-10-19T20:57:20","date_gmt":"2021-10-19T13:57:20","guid":{"rendered":"https:\/\/giamcankeodua.com\/?post_type=product&amp;p=999"},"modified":"2021-10-19T20:57:20","modified_gmt":"2021-10-19T13:57:20","slug":"keo-dua-giam-can-vic-3-tui-21-ngay-giam-4-7kg","status":"publish","type":"product","link":"https:\/\/trankhoi.net\/en\/product\/keo-dua-giam-can-vic-3-tui-21-ngay-giam-4-7kg\/","title":{"rendered":"K\u1eb8O D\u1ee8A GI\u1ea2M C\u00c2N VIC (3 T\u00fai\/ 21 Ng\u00e0y) &#8211; GI\u1ea2M 4-7Kg"},"content":{"rendered":"<p>5 Tu\u0301i\/35 nga\u0300y, gia\u0301 si\u0309 1.050.000\u0111 &#8211; GI\u1ea2M NGAY 8-12kg<\/p>\n<h2>K\u1eb9o D\u1ee9a gi\u1ea3m c\u00e2n V.I.C Organic<\/h2>\n<p>K\u1eb9o D\u1ee9a gi\u1ea3m c\u00e2n thu\u1ed9c th\u01b0\u01a1ng hi\u1ec7u V.I.C Organic gi\u00fap th\u1ea3i m\u1ee1 nh\u1eb9 nh\u00e0ng 7-12kg ch\u1ec9 sau 1 th\u00e1ng.<\/p>\n<p>S\u1ea3n ph\u1ea9m s\u1eed d\u1ee5ng c\u00f4ng ngh\u1ec7 \u0110\u1ed8C QUY\u1ec0N s\u1ea5y kh\u00f4 &amp; kh\u1eed n\u01b0\u1edbc Osmo c\u1ee7a M\u1ef9 \u00e9p th\u00e0nh vi\u00ean k\u1eb9o gi\u1ea3m m\u1ee1. M\u1ed7i 1 vi\u00ean k\u1eb9o t\u01b0\u01a1ng \u0111\u01b0\u01a1ng v\u1edbi 1 qu\u1ea3 d\u1ee9a gi\u00fap gi\u1ea3m c\u00e2n nhanh, hi\u1ec7u qu\u1ea3 v\u00e0 an to\u00e0n.<\/p>\n<p>\u0110\u1eb7c bi\u1ec7t, s\u1ea3n ph\u1ea9m c\u00f2n gi\u00fap duy tr\u00ec s\u1ef1 c\u00e2n b\u1eb1ng \u0111\u1ed9 pH v\u00f9ng k\u00edn, gi\u00fap d\u1ecbch ti\u1ebft \u00e2m \u0111\u1ea1o khi b\u1ecb k\u00edch th\u00edch c\u00f3 v\u1ecb ng\u1ecdt ng\u00e0o h\u01a1n v\u1edbi n\u1eef gi\u1edbi v\u00e0 ng\u1ecdt tinh binh v\u1edbi nam gi\u1edbi.<\/p>\n<p><img loading=\"lazy\" decoding=\"async\" class=\"aligncenter wp-image-996\" src=\"https:\/\/giamcankeodua.com\/wp-content\/uploads\/2021\/10\/z2699706988370_cc95a5d4cfc19267895bb15780e29f1f-880x1024.jpg\" alt=\"K\u1eb9o D\u1ee9a gi\u1ea3m c\u00e2n V.I.C Organic\" width=\"650\" height=\"756\" \/><\/p>\n<p><strong>Nh\u1eefng \u0111\u1eb7c t\u00ednh n\u1ed5i b\u1eadt:<\/strong><\/p>\n<p>&#8211; Th\u01a1m ngon, d\u1ec5 \u0103n, ti\u1ec7n l\u1ee3i<\/p>\n<p>&#8211; Gi\u1ea3m m\u1ee1 ng\u1ecdt n\u01b0\u1edbc, \u0111\u00e1nh bay 3kg m\u1ee1 ch\u1ec9 sau 7 ng\u00e0y. H\u1ed7 tr\u1ee3 \u0111\u00e0o th\u1ea3i ch\u1ea5t b\u00e9o, ng\u0103n h\u00ecnh th\u00e0nh m\u1ee1 m\u1edbi.<\/p>\n<p>&#8211; \u00c1p d\u1ee5ng c\u00f4ng ngh\u1ec7 s\u1ea5y kh\u00f4 v\u00e0 kh\u1eed n\u01b0\u1edbc Osmo c\u1ee7a M\u1ef9 \u0111\u1ed9c quy\u1ec1n t\u1ea1i Vi\u1ec7t Nam<\/p>\n<p>&#8211; M\u1ed7i 1 vi\u00ean k\u1eb9o t\u01b0\u01a1ng \u0111\u01b0\u01a1ng 1 qu\u1ea3 d\u1ee9a. Gi\u00fap duy tr\u00ec s\u1ef1 c\u00e2n b\u1eb1ng \u0111\u1ed9 pH c\u1ee7a \u00e2m \u0111\u1ea1o, cho d\u1ecbch ti\u1ebft \u00e2m \u0111\u1ea1o khi b\u1ecb k\u00edch th\u00edch c\u00f3 v\u1ecb ng\u1ecdt ng\u00e0o h\u01a1n v\u1edbi n\u1eef gi\u1edbi v\u00e0 ng\u1ecdt tinh binh v\u1edbi nam gi\u1edbi.<\/p>\n<p>&#8211; Gi\u1ea3m m\u1ee1 ng\u1ecdt n\u01b0\u1edbc, gi\u1ea3m c\u00e2n nhanh, hi\u1ec7u qu\u1ea3 v\u00e0 an to\u00e0n.<\/p>\n<p>&#8211; S\u1ea3n ph\u1ea9m kh\u00f4ng g\u00e2y t\u00e1c d\u1ee5ng ph\u1ee5, kh\u00f4ng g\u00e2y m\u1ec7t m\u1ecfi, kh\u00f4ng \u0111au \u0111\u1ea7u, kh\u00f4ng m\u1ea5t ng\u1ee7, kh\u00f4ng th\u00e8m \u0103n.<\/p>\n<p><strong>C\u00f4ng d\u1ee5ng:<\/strong><\/p>\n<ul>\n<li>Th\u00fac \u0111\u1ea9y qu\u00e1 tr\u00ecnh trao \u0111\u1ed5i ch\u1ea5t \u0111\u00e0o th\u1ea3i m\u1ee1 ra ngo\u00e0i.<\/li>\n<li>C\u00e2n b\u1eb1ng \u0111\u1ed9 pH cho n\u1eef gi\u1edbi gi\u00fap c\u00f4 b\u00e9 c\u00f3 v\u1ecb ng\u1ecdt h\u01a1n. Gi\u00fap nam gi\u1edbi ng\u1ecdt tinh binh.<\/li>\n<li>Ki\u1ec3m so\u00e1t ch\u1ebf \u0111\u1ed9 \u0103n u\u1ed1ng l\u00e0nh m\u1ea1nh<\/li>\n<\/ul>\n<p><strong>Th\u00e0nh ph\u1ea7n c\u1ee7a K\u1eb9o D\u1ee9a gi\u1ea3m c\u00e2n<\/strong>: Chi\u1ebft xu\u1ea5t qu\u1ea3 d\u1ee9a s\u1ea5y kh\u00f4, cacao t\u00e1ch b\u00e9o nguy\u00ean ch\u1ea5t, l\u00e1 sen, n\u1ea5m linh chi, ch\u00e8 v\u1eb1ng, s\u00e2m \u0111\u1ea5t, kh\u1ed5 qua\u2026<\/p>\n<p><img loading=\"lazy\" decoding=\"async\" class=\"aligncenter wp-image-995\" src=\"https:\/\/giamcankeodua.com\/wp-content\/uploads\/2021\/10\/bf86850afe4d0813515c-725x1024.jpg\" alt=\"K\u1eb9o D\u1ee9a gi\u1ea3m c\u00e2n V.I.C Organic\" width=\"650\" height=\"918\" \/><\/p>\n<p><strong>H\u01b0\u1edbng d\u1eabn s\u1eed d\u1ee5ng:<\/strong><\/p>\n<ul>\n<li>2-4 ng\u00e0y \u0111\u1ea7u \u0103n \u00bd\u00a0 vi\u00ean cho quen.<\/li>\n<li>Sau \u0111\u00f3 a\u0306n 1 vie\u0302n sau a\u0306n sa\u0301ng 1 tie\u0302\u0301ng<\/li>\n<li>\u0110\u1ed1i v\u1edbi c\u01a1 \u0111\u1ecba kho\u1ebb, chai l\u1eddn, mu\u1ed1n th\u1ea3i m\u1ee1 nhanh: S\u1eed d\u1ee5ng 2 vi\u00ean\/ng\u00e0y + 1 vi\u00ean k\u1eb9o sau khi \u0103n s\u00e1ng 1 ti\u1ebfng + 1 vi\u00ean k\u1eb9o sau \u0103n tr\u01b0a 1 ti\u1ebfng.<\/li>\n<li>Ngon h\u01a1n khi cho v\u00e0o ng\u0103n m\u00e1t t\u1ee7 l\u1ea1nh<\/li>\n<\/ul>\n<h3>Gi\u00e1 b\u00e1n tham kh\u1ea3o:<\/h3>\n<p>&#8211; 1 T\u00fai 7 ng\u00e0y: 250.000\u0111<\/p>\n<p>&#8211; 2 T\u00fai 14 ng\u00e0y: 480.000\u0111<\/p>\n<p>&#8211; 3 T\u00fai 21 ng\u00e0y: 660.000\u0111<\/p>\n<p>&#8211; 5 T\u00fai 35 ng\u00e0y 1.050.000\u0111<\/p>\n<p>&nbsp;<\/p>","protected":false},"excerpt":{"rendered":"<ul>\n<li>Ng\u01b0\u1eddi th\u1eeba c\u00e2n, b\u00e9o ph\u00ec, ng\u01b0\u1eddi mu\u1ed1n gi\u1ea3m c\u00e2n.<\/li>\n<li>\u0110\u01b0\u1ee3c d\u00f9ng sau khi gi\u1ea3m c\u00e2n th\u00e0nh c\u00f4ng \u0111\u1ec3 gi\u1eef d\u00e1ng, gi\u1eef c\u00e2n n\u1eb7ng khi m\u00e0 l\u1ee1 \u0103n u\u1ed1ng qu\u00e1 nhi\u1ec1u.<\/li>\n<li>M\u1eb9 sau sinh tr\u00ean 3 th\u00e1ng \u0111ang cho con b\u00fa.<\/li>\n<li>B\u1ecb t\u00edch t\u1ee5 m\u1ee1 \u1edf nh\u1eefng v\u00f9ng d\u1ec5 b\u1ecb t\u00edch t\u1ee5 nh\u1ea5t l\u00e0 v\u00f9ng b\u1ee5ng, \u0111\u00f9i, b\u1eafp tay, m\u00f4ng\u2026<\/li>\n<li>Nam , N\u1eef tr\u00ean 16tu\u1ed5i v\u00e0 d\u01b0\u1edbi 50 tu\u1ed5i<\/li>\n<\/ul>","protected":false},"featured_media":0,"comment_status":"closed","ping_status":"closed","template":"","meta":[],"product_brand":[],"product_cat":[33],"product_tag":[30],"class_list":{"0":"post-999","1":"product","2":"type-product","3":"status-publish","5":"product_cat-san-pham-ban-chay","6":"product_tag-keo-dua-giam-can-vic","8":"first","9":"instock","10":"shipping-taxable","11":"purchasable","12":"product-type-simple"},"yoast_head":"<!-- This site is optimized with the Yoast SEO plugin v25.0 - https:\/\/yoast.com\/wordpress\/plugins\/seo\/ -->\n<title>K\u1eb8O D\u1ee8A GI\u1ea2M C\u00c2N VIC (3 T\u00fai\/ 21 Ng\u00e0y) - GI\u1ea2M 4-7Kg - SOMEKCO<\/title>\n<meta name=\"robots\" content=\"noindex, follow, max-snippet:-1, max-image-preview:large, max-video-preview:-1\" \/>\n<meta property=\"og:locale\" content=\"en_US\" \/>\n<meta property=\"og:type\" content=\"article\" \/>\n<meta property=\"og:title\" content=\"K\u1eb8O D\u1ee8A GI\u1ea2M C\u00c2N VIC (3 T\u00fai\/ 21 Ng\u00e0y) - GI\u1ea2M 4-7Kg - SOMEKCO\" \/>\n<meta property=\"og:description\" content=\"Ng\u01b0\u1eddi th\u1eeba c\u00e2n, b\u00e9o ph\u00ec, ng\u01b0\u1eddi mu\u1ed1n gi\u1ea3m c\u00e2n.  \u0110\u01b0\u1ee3c d\u00f9ng sau khi gi\u1ea3m c\u00e2n th\u00e0nh c\u00f4ng \u0111\u1ec3 gi\u1eef d\u00e1ng, gi\u1eef c\u00e2n n\u1eb7ng khi m\u00e0 l\u1ee1 \u0103n u\u1ed1ng qu\u00e1 nhi\u1ec1u.  M\u1eb9 sau sinh tr\u00ean 3 th\u00e1ng \u0111ang cho con b\u00fa.  B\u1ecb t\u00edch t\u1ee5 m\u1ee1 \u1edf nh\u1eefng v\u00f9ng d\u1ec5 b\u1ecb t\u00edch t\u1ee5 nh\u1ea5t l\u00e0 v\u00f9ng b\u1ee5ng, \u0111\u00f9i, b\u1eafp tay, m\u00f4ng\u2026  Nam , N\u1eef tr\u00ean 16tu\u1ed5i v\u00e0 d\u01b0\u1edbi 50 tu\u1ed5i\" \/>\n<meta property=\"og:url\" content=\"https:\/\/trankhoi.net\/en\/product\/keo-dua-giam-can-vic-3-tui-21-ngay-giam-4-7kg\/\" \/>\n<meta property=\"og:site_name\" content=\"SOMEKCO\" \/>\n<meta property=\"og:image\" content=\"https:\/\/giamcankeodua.com\/wp-content\/uploads\/2021\/10\/z2699706988370_cc95a5d4cfc19267895bb15780e29f1f-880x1024.jpg\" \/>\n<meta name=\"twitter:card\" content=\"summary_large_image\" \/>\n<meta name=\"twitter:label1\" content=\"Est. reading time\" \/>\n\t<meta name=\"twitter:data1\" content=\"3 minutes\" \/>\n<script type=\"application\/ld+json\" class=\"yoast-schema-graph\">{\"@context\":\"https:\/\/schema.org\",\"@graph\":[{\"@type\":\"WebPage\",\"@id\":\"https:\/\/trankhoi.net\/san-pham\/keo-dua-giam-can-vic-3-tui-21-ngay-giam-4-7kg\/\",\"url\":\"https:\/\/trankhoi.net\/san-pham\/keo-dua-giam-can-vic-3-tui-21-ngay-giam-4-7kg\/\",\"name\":\"K\u1eb8O D\u1ee8A GI\u1ea2M C\u00c2N VIC (3 T\u00fai\/ 21 Ng\u00e0y) - GI\u1ea2M 4-7Kg - SOMEKCO\",\"isPartOf\":{\"@id\":\"https:\/\/trankhoi.net\/#website\"},\"primaryImageOfPage\":{\"@id\":\"https:\/\/trankhoi.net\/san-pham\/keo-dua-giam-can-vic-3-tui-21-ngay-giam-4-7kg\/#primaryimage\"},\"image\":{\"@id\":\"https:\/\/trankhoi.net\/san-pham\/keo-dua-giam-can-vic-3-tui-21-ngay-giam-4-7kg\/#primaryimage\"},\"thumbnailUrl\":\"https:\/\/giamcankeodua.com\/wp-content\/uploads\/2021\/10\/z2699706988370_cc95a5d4cfc19267895bb15780e29f1f-880x1024.jpg\",\"datePublished\":\"2021-10-19T13:57:20+00:00\",\"breadcrumb\":{\"@id\":\"https:\/\/trankhoi.net\/san-pham\/keo-dua-giam-can-vic-3-tui-21-ngay-giam-4-7kg\/#breadcrumb\"},\"inLanguage\":\"en-US\",\"potentialAction\":[{\"@type\":\"ReadAction\",\"target\":[\"https:\/\/trankhoi.net\/san-pham\/keo-dua-giam-can-vic-3-tui-21-ngay-giam-4-7kg\/\"]}]},{\"@type\":\"ImageObject\",\"inLanguage\":\"en-US\",\"@id\":\"https:\/\/trankhoi.net\/san-pham\/keo-dua-giam-can-vic-3-tui-21-ngay-giam-4-7kg\/#primaryimage\",\"url\":\"https:\/\/giamcankeodua.com\/wp-content\/uploads\/2021\/10\/z2699706988370_cc95a5d4cfc19267895bb15780e29f1f-880x1024.jpg\",\"contentUrl\":\"https:\/\/giamcankeodua.com\/wp-content\/uploads\/2021\/10\/z2699706988370_cc95a5d4cfc19267895bb15780e29f1f-880x1024.jpg\"},{\"@type\":\"BreadcrumbList\",\"@id\":\"https:\/\/trankhoi.net\/san-pham\/keo-dua-giam-can-vic-3-tui-21-ngay-giam-4-7kg\/#breadcrumb\",\"itemListElement\":[{\"@type\":\"ListItem\",\"position\":1,\"name\":\"Trang ch\u1ee7\",\"item\":\"https:\/\/trankhoi.net\/\"},{\"@type\":\"ListItem\",\"position\":2,\"name\":\"C\u1eeda h\u00e0ng\",\"item\":\"https:\/\/trankhoi.net\/cua-hang\/\"},{\"@type\":\"ListItem\",\"position\":3,\"name\":\"K\u1eb8O D\u1ee8A GI\u1ea2M C\u00c2N VIC (3 T\u00fai\/ 21 Ng\u00e0y) &#8211; GI\u1ea2M 4-7Kg\"}]},{\"@type\":\"WebSite\",\"@id\":\"https:\/\/trankhoi.net\/#website\",\"url\":\"https:\/\/trankhoi.net\/\",\"name\":\"SOMEKCO\",\"description\":\"C\u00f4ng ty xu\u1ea5t nh\u1eadp kh\u1ea9u s\u1ea3n ph\u1ea9m d\u1eeba b\u1ebfn tre\",\"potentialAction\":[{\"@type\":\"SearchAction\",\"target\":{\"@type\":\"EntryPoint\",\"urlTemplate\":\"https:\/\/trankhoi.net\/?s={search_term_string}\"},\"query-input\":{\"@type\":\"PropertyValueSpecification\",\"valueRequired\":true,\"valueName\":\"search_term_string\"}}],\"inLanguage\":\"en-US\"}]}<\/script>\n<!-- \/ Yoast SEO plugin. -->","yoast_head_json":{"title":"K\u1eb8O D\u1ee8A GI\u1ea2M C\u00c2N VIC (3 T\u00fai\/ 21 Ng\u00e0y) - GI\u1ea2M 4-7Kg - SOMEKCO","robots":{"index":"noindex","follow":"follow","max-snippet":"max-snippet:-1","max-image-preview":"max-image-preview:large","max-video-preview":"max-video-preview:-1"},"og_locale":"en_US","og_type":"article","og_title":"K\u1eb8O D\u1ee8A GI\u1ea2M C\u00c2N VIC (3 T\u00fai\/ 21 Ng\u00e0y) - GI\u1ea2M 4-7Kg - SOMEKCO","og_description":"Ng\u01b0\u1eddi th\u1eeba c\u00e2n, b\u00e9o ph\u00ec, ng\u01b0\u1eddi mu\u1ed1n gi\u1ea3m c\u00e2n.  \u0110\u01b0\u1ee3c d\u00f9ng sau khi gi\u1ea3m c\u00e2n th\u00e0nh c\u00f4ng \u0111\u1ec3 gi\u1eef d\u00e1ng, gi\u1eef c\u00e2n n\u1eb7ng khi m\u00e0 l\u1ee1 \u0103n u\u1ed1ng qu\u00e1 nhi\u1ec1u.  M\u1eb9 sau sinh tr\u00ean 3 th\u00e1ng \u0111ang cho con b\u00fa.  B\u1ecb t\u00edch t\u1ee5 m\u1ee1 \u1edf nh\u1eefng v\u00f9ng d\u1ec5 b\u1ecb t\u00edch t\u1ee5 nh\u1ea5t l\u00e0 v\u00f9ng b\u1ee5ng, \u0111\u00f9i, b\u1eafp tay, m\u00f4ng\u2026  Nam , N\u1eef tr\u00ean 16tu\u1ed5i v\u00e0 d\u01b0\u1edbi 50 tu\u1ed5i","og_url":"https:\/\/trankhoi.net\/en\/product\/keo-dua-giam-can-vic-3-tui-21-ngay-giam-4-7kg\/","og_site_name":"SOMEKCO","og_image":[{"url":"https:\/\/giamcankeodua.com\/wp-content\/uploads\/2021\/10\/z2699706988370_cc95a5d4cfc19267895bb15780e29f1f-880x1024.jpg","type":"","width":"","height":""}],"twitter_card":"summary_large_image","twitter_misc":{"Est. reading time":"3 minutes"},"schema":{"@context":"https:\/\/schema.org","@graph":[{"@type":"WebPage","@id":"https:\/\/trankhoi.net\/san-pham\/keo-dua-giam-can-vic-3-tui-21-ngay-giam-4-7kg\/","url":"https:\/\/trankhoi.net\/san-pham\/keo-dua-giam-can-vic-3-tui-21-ngay-giam-4-7kg\/","name":"K\u1eb8O D\u1ee8A GI\u1ea2M C\u00c2N VIC (3 T\u00fai\/ 21 Ng\u00e0y) - GI\u1ea2M 4-7Kg - SOMEKCO","isPartOf":{"@id":"https:\/\/trankhoi.net\/#website"},"primaryImageOfPage":{"@id":"https:\/\/trankhoi.net\/san-pham\/keo-dua-giam-can-vic-3-tui-21-ngay-giam-4-7kg\/#primaryimage"},"image":{"@id":"https:\/\/trankhoi.net\/san-pham\/keo-dua-giam-can-vic-3-tui-21-ngay-giam-4-7kg\/#primaryimage"},"thumbnailUrl":"https:\/\/giamcankeodua.com\/wp-content\/uploads\/2021\/10\/z2699706988370_cc95a5d4cfc19267895bb15780e29f1f-880x1024.jpg","datePublished":"2021-10-19T13:57:20+00:00","breadcrumb":{"@id":"https:\/\/trankhoi.net\/san-pham\/keo-dua-giam-can-vic-3-tui-21-ngay-giam-4-7kg\/#breadcrumb"},"inLanguage":"en-US","potentialAction":[{"@type":"ReadAction","target":["https:\/\/trankhoi.net\/san-pham\/keo-dua-giam-can-vic-3-tui-21-ngay-giam-4-7kg\/"]}]},{"@type":"ImageObject","inLanguage":"en-US","@id":"https:\/\/trankhoi.net\/san-pham\/keo-dua-giam-can-vic-3-tui-21-ngay-giam-4-7kg\/#primaryimage","url":"https:\/\/giamcankeodua.com\/wp-content\/uploads\/2021\/10\/z2699706988370_cc95a5d4cfc19267895bb15780e29f1f-880x1024.jpg","contentUrl":"https:\/\/giamcankeodua.com\/wp-content\/uploads\/2021\/10\/z2699706988370_cc95a5d4cfc19267895bb15780e29f1f-880x1024.jpg"},{"@type":"BreadcrumbList","@id":"https:\/\/trankhoi.net\/san-pham\/keo-dua-giam-can-vic-3-tui-21-ngay-giam-4-7kg\/#breadcrumb","itemListElement":[{"@type":"ListItem","position":1,"name":"Trang ch\u1ee7","item":"https:\/\/trankhoi.net\/"},{"@type":"ListItem","position":2,"name":"C\u1eeda h\u00e0ng","item":"https:\/\/trankhoi.net\/cua-hang\/"},{"@type":"ListItem","position":3,"name":"K\u1eb8O D\u1ee8A GI\u1ea2M C\u00c2N VIC (3 T\u00fai\/ 21 Ng\u00e0y) &#8211; GI\u1ea2M 4-7Kg"}]},{"@type":"WebSite","@id":"https:\/\/trankhoi.net\/#website","url":"https:\/\/trankhoi.net\/","name":"SOMEKCO","description":"C\u00f4ng ty xu\u1ea5t nh\u1eadp kh\u1ea9u s\u1ea3n ph\u1ea9m d\u1eeba b\u1ebfn tre","potentialAction":[{"@type":"SearchAction","target":{"@type":"EntryPoint","urlTemplate":"https:\/\/trankhoi.net\/?s={search_term_string}"},"query-input":{"@type":"PropertyValueSpecification","valueRequired":true,"valueName":"search_term_string"}}],"inLanguage":"en-US"}]}},"_links":{"self":[{"href":"https:\/\/trankhoi.net\/en\/wp-json\/wp\/v2\/product\/999","targetHints":{"allow":["GET"]}}],"collection":[{"href":"https:\/\/trankhoi.net\/en\/wp-json\/wp\/v2\/product"}],"about":[{"href":"https:\/\/trankhoi.net\/en\/wp-json\/wp\/v2\/types\/product"}],"replies":[{"embeddable":true,"href":"https:\/\/trankhoi.net\/en\/wp-json\/wp\/v2\/comments?post=999"}],"wp:attachment":[{"href":"https:\/\/trankhoi.net\/en\/wp-json\/wp\/v2\/media?parent=999"}],"wp:term":[{"taxonomy":"product_brand","embeddable":true,"href":"https:\/\/trankhoi.net\/en\/wp-json\/wp\/v2\/product_brand?post=999"},{"taxonomy":"product_cat","embeddable":true,"href":"https:\/\/trankhoi.net\/en\/wp-json\/wp\/v2\/product_cat?post=999"},{"taxonomy":"product_tag","embeddable":true,"href":"https:\/\/trankhoi.net\/en\/wp-json\/wp\/v2\/product_tag?post=999"}],"curies":[{"name":"wp","href":"https:\/\/api.w.org\/{rel}","templated":true}]}}