{"id":1204,"date":"2021-10-20T14:22:53","date_gmt":"2021-10-20T07:22:53","guid":{"rendered":"https:\/\/giamcankeodua.com\/?post_type=product&amp;p=1204"},"modified":"2021-10-20T14:22:53","modified_gmt":"2021-10-20T07:22:53","slug":"herd-detox-s-line-2","status":"publish","type":"product","link":"https:\/\/trankhoi.net\/en\/product\/herd-detox-s-line-2\/","title":{"rendered":"HERD DETOX S LINE"},"content":{"rendered":"<h2>GI\u1edaI THI\u1ec6U V\u00ca VI\u00caN X\u01a0 DETOX<\/h2>\n<p>&#8211; L\u00e0 th\u1ea3o d\u01b0\u1ee3c thi\u00ean nhi\u00ean \u0111\u01b0\u1ee3c chi\u1ebft xu\u1ea5t ho\u00e0n to\u00e0n t\u1eeb c\u00e1c t\u1eeb th\u1ea3o m\u1ed9c thi\u00ean nhi\u00ean nh\u01b0: qu\u1ea3 m\u1eafc kham, qu\u1ea3 b\u1ee9a, hoa s\u1ee9, tr\u00e0 xanh th\u1ea3o m\u1ed9c , h\u1ea1t ti\u00eau \u0111en, th\u1ed5 m\u1eadt xoan, h\u1ed3ng hoa,\u2026..<\/p>\n<p>&#8211; C\u00e1c th\u00e0nh ph\u1ea7n thi\u00ean nhi\u00ean n\u00e0y ho\u00e0n to\u00e0n t\u1ed1t v\u00e0 c\u1ef1c k\u00ec an to\u00e0n v\u1edbi m\u1eb9 b\u1ec9m s\u1eefa.<\/p>\n<h2>T\u1ea0I SAO N\u00caN D\u00d9NG VI\u00caN X\u01a0 DETOX CELL?<\/h2>\n<p>&#8211; \u0110\u00e0o th\u1ea3i \u0111\u1ed9c t\u1ed1, \u0111\u00e0o th\u1ea3i m\u1ee1 th\u1eeba, gi\u1ea3m m\u1ee1 b\u1ee5ng v\u00e0 m\u1ee1 th\u1eeba, thanh l\u1ecdc l\u1ea1i c\u01a1 th\u1ec3.<\/p>\n<p>&#8211; Ho\u00e0n to\u00e0n an to\u00e0n cho m\u1eb9 b\u1ec9m mu\u1ed1n dung \u0111\u1ec3 gi\u1ea3m v\u00f2ng eo v\u00e0 l\u1ea1i c\u1ef1c k\u00ec l\u1ee3i s\u1eefa.<\/p>\n<h2>\u0110\u1ed0I T\u01af\u1ee2NG N\u00c0O N\u00caN D\u00d9NG VI\u00caN X\u01a0 DETOX<\/h2>\n<p><img loading=\"lazy\" decoding=\"async\" class=\"aligncenter wp-image-998\" src=\"https:\/\/giamcankeodua.com\/wp-content\/uploads\/2021\/10\/z2594115462465_e41d59ead0d29750a068e3e0950e3c78-1024x768.jpg\" alt=\"HERD DETOX S LINE\" width=\"700\" height=\"525\" \/><\/p>\n<p>&#8211; Ng\u01b0\u1eddi gan nhi\u1ec5m m\u1ee1, m\u1ee1 m\u00e1u.<\/p>\n<p>&#8211; M\u1eb9 sau sinh 1 th\u00e1ng \u0111ang cho con b\u00fa.<\/p>\n<p>&#8211; Ng\u01b0\u1eddi \u00edt v\u1eadn \u0111\u1ed9ng, c\u00f3 nhu c\u1ea7u gi\u1ea3m b\u1ee5ng.<\/p>\n<p>&#8211; Ng\u01b0\u1eddi m\u1eafc ch\u1ee9ng t\u00e1o b\u00f3n, ch\u01b0\u1edbng b\u1ee5ng.<\/p>\n<p>&#8211; Ng\u01b0\u1eddi hay \u0103n nhi\u1ec1u s\u1ee3 b\u00e9o c\u1ea7n \u0111\u00e0o th\u1ea3i calo ra ngo\u00e0i.<\/p>\n<p>&#8211; K\u1ebft h\u1ee3p v\u1edbi c\u00e1c lo\u1ea1i gi\u1ea3m c\u00e2n ho\u1eb7c li\u1ec7u tr\u00ecnh gi\u1ea3m m\u1ee1 t\u1ea1i Spa t\u1ea1ng hi\u1ec7u qu\u1ea3.<\/p>\n<p>&#8211; Ng\u01b0\u1eddi \u0111\u00e3 gi\u1ea3m c\u00e2n th\u00e0nh c\u00f4ng mu\u1ed1n gi\u1eef c\u00e2n n\u1eb7ng \u1ed5n \u0111\u1ecbnh.<\/p>\n<p>&#8211; Nam v\u00e0 n\u1eef \u0111\u1ec1u n\u00ean s\u1eed d\u1ee5ng \u0111\u1ec3 c\u00f3 s\u1ee9c kh\u1ecfe t\u1ed1t<\/p>\n<p>&#8211; H\u1ed7 tr\u1ee3 \u0111\u00e0o th\u1ea3i c\u00e1c calo b\u00e9o c\u00f3 trong th\u1ee9c \u0103n h\u00e0ng ng\u00e0y \u0111\u1ec3 gi\u1eef d\u00e1ng, gi\u1eef c\u00e2n n\u1eb7ng \u1ed5n \u0111\u1ecbnh.<\/p>\n<h2>TH\u00c0NH PH\u1ea6N<\/h2>\n<p>&#8211; Tinh ch\u1ea5t qu\u1ea3 b\u1ee9a, qu\u1ea3 m\u1eafc kham: Thanh l\u1ecdc c\u01a1 th\u1ec3, \u0111\u1ea9y ch\u1ea5t b\u00e9o ra ngo\u00e0i,chuy\u1ec3n h\u00f3a carbohydrate, t\u0103ng c\u01b0\u1eddng trao \u0111\u1ed5i ch\u1ea5t, ng\u0103n ch\u1eb7n kh\u00f4ng cho ch\u1ea5t b\u00e9o d\u01b0 th\u1eeba v\u00e0 t\u00edch m\u1ee1.<\/p>\n<p>&#8211; Chi\u1ebft xu\u1ea5t gi\u1ea5m t\u00e1o: Ch\u1ed1ng t\u00e1o b\u00f3n, nhu\u1eadn tr\u00e0ng, l\u00e0m s\u1ea1ch ru\u1ed9t<\/p>\n<p>&#8211; Th\u1ed5 m\u1eadt xoan: Nhu\u1eadn tr\u00e0ng, m\u00e1t gan.<\/p>\n<p>&#8211; Ti\u00eau \u0111en: H\u1ed7 tr\u1ee3 gi\u1ea3m b\u00e9o ph\u00ec, gi\u1ea3m stress.<\/p>\n<p>&#8211; H\u1ed3ng hoa: C\u00f3 t\u00e1c d\u1ee5ng t\u1ea9y, l\u00e0m to\u00e1t m\u1ed3 h\u00f4i, k\u00edch th\u00edch v\u00e0 l\u00e0m d\u1ecbu \u0111au. H\u1ea1t c\u00f3 t\u00e1c d\u1ee5ng x\u1ed5, l\u1ee3i ti\u1ec3u.<\/p>\n<p>&#8211; Tr\u00e0 xanh th\u1ea3o m\u1ed9c: K\u00edch th\u00edch ti\u00eau h\u00f3a, nhu\u1eadn tr\u01b0\u1eddng, x\u1ed5 \u0111\u1ed9c, ch\u1eefa t\u00e1o b\u00f3n, \u0103n kh\u00f4ng ti\u00eau, ch\u01b0\u1edbng b\u1ee5ng \u0111\u1ea7y h\u01a1i, gi\u1ea3i \u0111\u1ed9c gan, ti\u00eau th\u1ef1c \u0111\u00e0o th\u1ea3i c\u00e1c ch\u1ea5t c\u1eb7n b\u00e3 t\u00edch \u1ee9 trong th\u00e0nh ru\u1ed9t l\u00e2u ng\u00e0y. H\u1ed7 tr\u1ee3 l\u00e0m \u0111\u1eb9p da, m\u01b0\u1ee3t t\u00f3c.<\/p>\n<p>&#8211; Hoa s\u1ee9: \u0110i\u1ec1u tr\u1ecb ti\u1ec3u \u0111\u01b0\u1eddng.<\/p>\n<p>&nbsp;<\/p>\n<p>&nbsp;<\/p>","protected":false},"excerpt":{"rendered":"<p>C\u00e1c th\u00e0nh ph\u1ea7n trong s\u1ea3n ph\u1ea9m h\u1ed7 tr\u1ee3 th\u1ea3i \u0111\u1ed9c c\u01a1 th\u1ec3, gi\u1ea3m c\u00e2n t\u1ef1 nhi\u00ean, l\u00e0m cho tinh th\u1ea7n tho\u1ea3i m\u00e1i, t\u1ec9nh t\u00e1o v\u00e0 t\u1eadp trung. Ng\u0103n ng\u1eeba c\u00e1c b\u1ec7nh cao huy\u1ebft \u00e1p v\u00e0 t\u0103ng c\u01b0\u1eddng s\u1ee9c kh\u1ecfe tim m\u1ea1ch.<\/p>","protected":false},"featured_media":982,"comment_status":"closed","ping_status":"closed","template":"","meta":[],"product_brand":[],"product_cat":[32,33],"product_tag":[28],"class_list":{"0":"post-1204","1":"product","2":"type-product","3":"status-publish","4":"has-post-thumbnail","6":"product_cat-san-pham","7":"product_cat-san-pham-ban-chay","8":"product_tag-herd-detox-s-line","10":"first","11":"instock","12":"shipping-taxable","13":"purchasable","14":"product-type-simple"},"yoast_head":"<!-- This site is optimized with the Yoast SEO plugin v25.0 - https:\/\/yoast.com\/wordpress\/plugins\/seo\/ -->\n<title>HERD DETOX S LINE - SOMEKCO<\/title>\n<meta name=\"robots\" content=\"noindex, follow, max-snippet:-1, max-image-preview:large, max-video-preview:-1\" \/>\n<meta property=\"og:locale\" content=\"en_US\" \/>\n<meta property=\"og:type\" content=\"article\" \/>\n<meta property=\"og:title\" content=\"HERD DETOX S LINE - SOMEKCO\" \/>\n<meta property=\"og:description\" content=\"C\u00e1c th\u00e0nh ph\u1ea7n trong s\u1ea3n ph\u1ea9m h\u1ed7 tr\u1ee3 th\u1ea3i \u0111\u1ed9c c\u01a1 th\u1ec3, gi\u1ea3m c\u00e2n t\u1ef1 nhi\u00ean, l\u00e0m cho tinh th\u1ea7n tho\u1ea3i m\u00e1i, t\u1ec9nh t\u00e1o v\u00e0 t\u1eadp trung. Ng\u0103n ng\u1eeba c\u00e1c b\u1ec7nh cao huy\u1ebft \u00e1p v\u00e0 t\u0103ng c\u01b0\u1eddng s\u1ee9c kh\u1ecfe tim m\u1ea1ch.\" \/>\n<meta property=\"og:url\" content=\"https:\/\/trankhoi.net\/en\/product\/herd-detox-s-line-2\/\" \/>\n<meta property=\"og:site_name\" content=\"SOMEKCO\" \/>\n<meta property=\"og:image\" content=\"https:\/\/trankhoi.net\/wp-content\/uploads\/2021\/10\/new-project-3-1-5634.png\" \/>\n\t<meta property=\"og:image:width\" content=\"380\" \/>\n\t<meta property=\"og:image:height\" content=\"572\" \/>\n\t<meta property=\"og:image:type\" content=\"image\/png\" \/>\n<meta name=\"twitter:card\" content=\"summary_large_image\" \/>\n<meta name=\"twitter:label1\" content=\"Est. reading time\" \/>\n\t<meta name=\"twitter:data1\" content=\"3 minutes\" \/>\n<script type=\"application\/ld+json\" class=\"yoast-schema-graph\">{\"@context\":\"https:\/\/schema.org\",\"@graph\":[{\"@type\":\"WebPage\",\"@id\":\"https:\/\/trankhoi.net\/san-pham\/herd-detox-s-line-2\/\",\"url\":\"https:\/\/trankhoi.net\/san-pham\/herd-detox-s-line-2\/\",\"name\":\"HERD DETOX S LINE - SOMEKCO\",\"isPartOf\":{\"@id\":\"https:\/\/trankhoi.net\/#website\"},\"primaryImageOfPage\":{\"@id\":\"https:\/\/trankhoi.net\/san-pham\/herd-detox-s-line-2\/#primaryimage\"},\"image\":{\"@id\":\"https:\/\/trankhoi.net\/san-pham\/herd-detox-s-line-2\/#primaryimage\"},\"thumbnailUrl\":\"https:\/\/trankhoi.net\/wp-content\/uploads\/2021\/10\/new-project-3-1-5634.png\",\"datePublished\":\"2021-10-20T07:22:53+00:00\",\"breadcrumb\":{\"@id\":\"https:\/\/trankhoi.net\/san-pham\/herd-detox-s-line-2\/#breadcrumb\"},\"inLanguage\":\"en-US\",\"potentialAction\":[{\"@type\":\"ReadAction\",\"target\":[\"https:\/\/trankhoi.net\/san-pham\/herd-detox-s-line-2\/\"]}]},{\"@type\":\"ImageObject\",\"inLanguage\":\"en-US\",\"@id\":\"https:\/\/trankhoi.net\/san-pham\/herd-detox-s-line-2\/#primaryimage\",\"url\":\"https:\/\/trankhoi.net\/wp-content\/uploads\/2021\/10\/new-project-3-1-5634.png\",\"contentUrl\":\"https:\/\/trankhoi.net\/wp-content\/uploads\/2021\/10\/new-project-3-1-5634.png\",\"width\":380,\"height\":572,\"caption\":\"HERD DETOX S LINE\"},{\"@type\":\"BreadcrumbList\",\"@id\":\"https:\/\/trankhoi.net\/san-pham\/herd-detox-s-line-2\/#breadcrumb\",\"itemListElement\":[{\"@type\":\"ListItem\",\"position\":1,\"name\":\"Trang ch\u1ee7\",\"item\":\"https:\/\/trankhoi.net\/\"},{\"@type\":\"ListItem\",\"position\":2,\"name\":\"C\u1eeda h\u00e0ng\",\"item\":\"https:\/\/trankhoi.net\/cua-hang\/\"},{\"@type\":\"ListItem\",\"position\":3,\"name\":\"HERD DETOX S LINE\"}]},{\"@type\":\"WebSite\",\"@id\":\"https:\/\/trankhoi.net\/#website\",\"url\":\"https:\/\/trankhoi.net\/\",\"name\":\"SOMEKCO\",\"description\":\"C\u00f4ng ty xu\u1ea5t nh\u1eadp kh\u1ea9u s\u1ea3n ph\u1ea9m d\u1eeba b\u1ebfn tre\",\"potentialAction\":[{\"@type\":\"SearchAction\",\"target\":{\"@type\":\"EntryPoint\",\"urlTemplate\":\"https:\/\/trankhoi.net\/?s={search_term_string}\"},\"query-input\":{\"@type\":\"PropertyValueSpecification\",\"valueRequired\":true,\"valueName\":\"search_term_string\"}}],\"inLanguage\":\"en-US\"}]}<\/script>\n<!-- \/ Yoast SEO plugin. -->","yoast_head_json":{"title":"HERD DETOX S LINE - SOMEKCO","robots":{"index":"noindex","follow":"follow","max-snippet":"max-snippet:-1","max-image-preview":"max-image-preview:large","max-video-preview":"max-video-preview:-1"},"og_locale":"en_US","og_type":"article","og_title":"HERD DETOX S LINE - SOMEKCO","og_description":"C\u00e1c th\u00e0nh ph\u1ea7n trong s\u1ea3n ph\u1ea9m h\u1ed7 tr\u1ee3 th\u1ea3i \u0111\u1ed9c c\u01a1 th\u1ec3, gi\u1ea3m c\u00e2n t\u1ef1 nhi\u00ean, l\u00e0m cho tinh th\u1ea7n tho\u1ea3i m\u00e1i, t\u1ec9nh t\u00e1o v\u00e0 t\u1eadp trung. Ng\u0103n ng\u1eeba c\u00e1c b\u1ec7nh cao huy\u1ebft \u00e1p v\u00e0 t\u0103ng c\u01b0\u1eddng s\u1ee9c kh\u1ecfe tim m\u1ea1ch.","og_url":"https:\/\/trankhoi.net\/en\/product\/herd-detox-s-line-2\/","og_site_name":"SOMEKCO","og_image":[{"width":380,"height":572,"url":"https:\/\/trankhoi.net\/wp-content\/uploads\/2021\/10\/new-project-3-1-5634.png","type":"image\/png"}],"twitter_card":"summary_large_image","twitter_misc":{"Est. reading time":"3 minutes"},"schema":{"@context":"https:\/\/schema.org","@graph":[{"@type":"WebPage","@id":"https:\/\/trankhoi.net\/san-pham\/herd-detox-s-line-2\/","url":"https:\/\/trankhoi.net\/san-pham\/herd-detox-s-line-2\/","name":"HERD DETOX S LINE - SOMEKCO","isPartOf":{"@id":"https:\/\/trankhoi.net\/#website"},"primaryImageOfPage":{"@id":"https:\/\/trankhoi.net\/san-pham\/herd-detox-s-line-2\/#primaryimage"},"image":{"@id":"https:\/\/trankhoi.net\/san-pham\/herd-detox-s-line-2\/#primaryimage"},"thumbnailUrl":"https:\/\/trankhoi.net\/wp-content\/uploads\/2021\/10\/new-project-3-1-5634.png","datePublished":"2021-10-20T07:22:53+00:00","breadcrumb":{"@id":"https:\/\/trankhoi.net\/san-pham\/herd-detox-s-line-2\/#breadcrumb"},"inLanguage":"en-US","potentialAction":[{"@type":"ReadAction","target":["https:\/\/trankhoi.net\/san-pham\/herd-detox-s-line-2\/"]}]},{"@type":"ImageObject","inLanguage":"en-US","@id":"https:\/\/trankhoi.net\/san-pham\/herd-detox-s-line-2\/#primaryimage","url":"https:\/\/trankhoi.net\/wp-content\/uploads\/2021\/10\/new-project-3-1-5634.png","contentUrl":"https:\/\/trankhoi.net\/wp-content\/uploads\/2021\/10\/new-project-3-1-5634.png","width":380,"height":572,"caption":"HERD DETOX S LINE"},{"@type":"BreadcrumbList","@id":"https:\/\/trankhoi.net\/san-pham\/herd-detox-s-line-2\/#breadcrumb","itemListElement":[{"@type":"ListItem","position":1,"name":"Trang ch\u1ee7","item":"https:\/\/trankhoi.net\/"},{"@type":"ListItem","position":2,"name":"C\u1eeda h\u00e0ng","item":"https:\/\/trankhoi.net\/cua-hang\/"},{"@type":"ListItem","position":3,"name":"HERD DETOX S LINE"}]},{"@type":"WebSite","@id":"https:\/\/trankhoi.net\/#website","url":"https:\/\/trankhoi.net\/","name":"SOMEKCO","description":"C\u00f4ng ty xu\u1ea5t nh\u1eadp kh\u1ea9u s\u1ea3n ph\u1ea9m d\u1eeba b\u1ebfn tre","potentialAction":[{"@type":"SearchAction","target":{"@type":"EntryPoint","urlTemplate":"https:\/\/trankhoi.net\/?s={search_term_string}"},"query-input":{"@type":"PropertyValueSpecification","valueRequired":true,"valueName":"search_term_string"}}],"inLanguage":"en-US"}]}},"_links":{"self":[{"href":"https:\/\/trankhoi.net\/en\/wp-json\/wp\/v2\/product\/1204","targetHints":{"allow":["GET"]}}],"collection":[{"href":"https:\/\/trankhoi.net\/en\/wp-json\/wp\/v2\/product"}],"about":[{"href":"https:\/\/trankhoi.net\/en\/wp-json\/wp\/v2\/types\/product"}],"replies":[{"embeddable":true,"href":"https:\/\/trankhoi.net\/en\/wp-json\/wp\/v2\/comments?post=1204"}],"wp:featuredmedia":[{"embeddable":true,"href":"https:\/\/trankhoi.net\/en\/wp-json\/wp\/v2\/media\/982"}],"wp:attachment":[{"href":"https:\/\/trankhoi.net\/en\/wp-json\/wp\/v2\/media?parent=1204"}],"wp:term":[{"taxonomy":"product_brand","embeddable":true,"href":"https:\/\/trankhoi.net\/en\/wp-json\/wp\/v2\/product_brand?post=1204"},{"taxonomy":"product_cat","embeddable":true,"href":"https:\/\/trankhoi.net\/en\/wp-json\/wp\/v2\/product_cat?post=1204"},{"taxonomy":"product_tag","embeddable":true,"href":"https:\/\/trankhoi.net\/en\/wp-json\/wp\/v2\/product_tag?post=1204"}],"curies":[{"name":"wp","href":"https:\/\/api.w.org\/{rel}","templated":true}]}}