{"id":1201,"date":"2021-10-20T14:16:54","date_gmt":"2021-10-20T07:16:54","guid":{"rendered":"https:\/\/giamcankeodua.com\/?post_type=product&amp;p=1201"},"modified":"2021-10-20T14:16:54","modified_gmt":"2021-10-20T07:16:54","slug":"combo-keo-dua-giam-can-v-i-c-detox-cell","status":"publish","type":"product","link":"https:\/\/trankhoi.net\/en\/product\/combo-keo-dua-giam-can-v-i-c-detox-cell\/","title":{"rendered":"COMBO K\u1eb8O D\u1ee8A GI\u1ea2M C\u00c2N V.I.C &#038; DETOX"},"content":{"rendered":"<p>5 Tu\u0301i\/35 nga\u0300y, gia\u0301 si\u0309 1.050.000\u0111 &#8211; GI\u1ea2M NGAY 8-12kg<\/p>\n<h2>K\u1eb9o D\u1ee9a gi\u1ea3m c\u00e2n V.I.C Organic<\/h2>\n<p>K\u1eb9o D\u1ee9a gi\u1ea3m c\u00e2n thu\u1ed9c th\u01b0\u01a1ng hi\u1ec7u V.I.C Organic gi\u00fap th\u1ea3i m\u1ee1 nh\u1eb9 nh\u00e0ng 7-12kg ch\u1ec9 sau 1 th\u00e1ng.<\/p>\n<p>S\u1ea3n ph\u1ea9m s\u1eed d\u1ee5ng c\u00f4ng ngh\u1ec7 \u0110\u1ed8C QUY\u1ec0N s\u1ea5y kh\u00f4 &amp; kh\u1eed n\u01b0\u1edbc Osmo c\u1ee7a M\u1ef9 \u00e9p th\u00e0nh vi\u00ean k\u1eb9o gi\u1ea3m m\u1ee1. M\u1ed7i 1 vi\u00ean k\u1eb9o t\u01b0\u01a1ng \u0111\u01b0\u01a1ng v\u1edbi 1 qu\u1ea3 d\u1ee9a gi\u00fap gi\u1ea3m c\u00e2n nhanh, hi\u1ec7u qu\u1ea3 v\u00e0 an to\u00e0n.<\/p>\n<p>\u0110\u1eb7c bi\u1ec7t, s\u1ea3n ph\u1ea9m c\u00f2n gi\u00fap duy tr\u00ec s\u1ef1 c\u00e2n b\u1eb1ng \u0111\u1ed9 pH v\u00f9ng k\u00edn, gi\u00fap d\u1ecbch ti\u1ebft \u00e2m \u0111\u1ea1o khi b\u1ecb k\u00edch th\u00edch c\u00f3 v\u1ecb ng\u1ecdt ng\u00e0o h\u01a1n v\u1edbi n\u1eef gi\u1edbi v\u00e0 ng\u1ecdt tinh binh v\u1edbi nam gi\u1edbi.<\/p>\n<p><img loading=\"lazy\" decoding=\"async\" class=\"aligncenter wp-image-996\" src=\"https:\/\/giamcankeodua.com\/wp-content\/uploads\/2021\/10\/z2699706988370_cc95a5d4cfc19267895bb15780e29f1f-880x1024.jpg\" alt=\"K\u1eb9o D\u1ee9a gi\u1ea3m c\u00e2n V.I.C Organic\" width=\"650\" height=\"756\" \/><\/p>\n<p><strong>Nh\u1eefng \u0111\u1eb7c t\u00ednh n\u1ed5i b\u1eadt:<\/strong><\/p>\n<p>&#8211; Th\u01a1m ngon, d\u1ec5 \u0103n, ti\u1ec7n l\u1ee3i<\/p>\n<p>&#8211; Gi\u1ea3m m\u1ee1 ng\u1ecdt n\u01b0\u1edbc, \u0111\u00e1nh bay 3kg m\u1ee1 ch\u1ec9 sau 7 ng\u00e0y. H\u1ed7 tr\u1ee3 \u0111\u00e0o th\u1ea3i ch\u1ea5t b\u00e9o, ng\u0103n h\u00ecnh th\u00e0nh m\u1ee1 m\u1edbi.<\/p>\n<p>&#8211; \u00c1p d\u1ee5ng c\u00f4ng ngh\u1ec7 s\u1ea5y kh\u00f4 v\u00e0 kh\u1eed n\u01b0\u1edbc Osmo c\u1ee7a M\u1ef9 \u0111\u1ed9c quy\u1ec1n t\u1ea1i Vi\u1ec7t Nam<\/p>\n<p>&#8211; M\u1ed7i 1 vi\u00ean k\u1eb9o t\u01b0\u01a1ng \u0111\u01b0\u01a1ng 1 qu\u1ea3 d\u1ee9a. Gi\u00fap duy tr\u00ec s\u1ef1 c\u00e2n b\u1eb1ng \u0111\u1ed9 pH c\u1ee7a \u00e2m \u0111\u1ea1o, cho d\u1ecbch ti\u1ebft \u00e2m \u0111\u1ea1o khi b\u1ecb k\u00edch th\u00edch c\u00f3 v\u1ecb ng\u1ecdt ng\u00e0o h\u01a1n v\u1edbi n\u1eef gi\u1edbi v\u00e0 ng\u1ecdt tinh binh v\u1edbi nam gi\u1edbi.<\/p>\n<p>&#8211; Gi\u1ea3m m\u1ee1 ng\u1ecdt n\u01b0\u1edbc, gi\u1ea3m c\u00e2n nhanh, hi\u1ec7u qu\u1ea3 v\u00e0 an to\u00e0n.<\/p>\n<p>&#8211; S\u1ea3n ph\u1ea9m kh\u00f4ng g\u00e2y t\u00e1c d\u1ee5ng ph\u1ee5, kh\u00f4ng g\u00e2y m\u1ec7t m\u1ecfi, kh\u00f4ng \u0111au \u0111\u1ea7u, kh\u00f4ng m\u1ea5t ng\u1ee7, kh\u00f4ng th\u00e8m \u0103n.<\/p>\n<p><strong>C\u00f4ng d\u1ee5ng:<\/strong><\/p>\n<ul>\n<li>Th\u00fac \u0111\u1ea9y qu\u00e1 tr\u00ecnh trao \u0111\u1ed5i ch\u1ea5t \u0111\u00e0o th\u1ea3i m\u1ee1 ra ngo\u00e0i.<\/li>\n<li>C\u00e2n b\u1eb1ng \u0111\u1ed9 pH cho n\u1eef gi\u1edbi gi\u00fap c\u00f4 b\u00e9 c\u00f3 v\u1ecb ng\u1ecdt h\u01a1n. Gi\u00fap nam gi\u1edbi ng\u1ecdt tinh binh.<\/li>\n<li>Ki\u1ec3m so\u00e1t ch\u1ebf \u0111\u1ed9 \u0103n u\u1ed1ng l\u00e0nh m\u1ea1nh<\/li>\n<\/ul>\n<p><strong>Th\u00e0nh ph\u1ea7n c\u1ee7a K\u1eb9o D\u1ee9a gi\u1ea3m c\u00e2n<\/strong>: Chi\u1ebft xu\u1ea5t qu\u1ea3 d\u1ee9a s\u1ea5y kh\u00f4, cacao t\u00e1ch b\u00e9o nguy\u00ean ch\u1ea5t, l\u00e1 sen, n\u1ea5m linh chi, ch\u00e8 v\u1eb1ng, s\u00e2m \u0111\u1ea5t, kh\u1ed5 qua\u2026<\/p>\n<p><img loading=\"lazy\" decoding=\"async\" class=\"aligncenter wp-image-995\" src=\"https:\/\/giamcankeodua.com\/wp-content\/uploads\/2021\/10\/bf86850afe4d0813515c-725x1024.jpg\" alt=\"K\u1eb9o D\u1ee9a gi\u1ea3m c\u00e2n V.I.C Organic\" width=\"650\" height=\"918\" \/><\/p>\n<p><strong>H\u01b0\u1edbng d\u1eabn s\u1eed d\u1ee5ng:<\/strong><\/p>\n<ul>\n<li>2-4 ng\u00e0y \u0111\u1ea7u \u0103n \u00bd\u00a0 vi\u00ean cho quen.<\/li>\n<li>Sau \u0111\u00f3 a\u0306n 1 vie\u0302n sau a\u0306n sa\u0301ng 1 tie\u0302\u0301ng<\/li>\n<li>\u0110\u1ed1i v\u1edbi c\u01a1 \u0111\u1ecba kho\u1ebb, chai l\u1eddn, mu\u1ed1n th\u1ea3i m\u1ee1 nhanh: S\u1eed d\u1ee5ng 2 vi\u00ean\/ng\u00e0y + 1 vi\u00ean k\u1eb9o sau khi \u0103n s\u00e1ng 1 ti\u1ebfng + 1 vi\u00ean k\u1eb9o sau \u0103n tr\u01b0a 1 ti\u1ebfng.<\/li>\n<li>Ngon h\u01a1n khi cho v\u00e0o ng\u0103n m\u00e1t t\u1ee7 l\u1ea1nh<\/li>\n<\/ul>\n<h3>Gi\u00e1 b\u00e1n tham kh\u1ea3o:<\/h3>\n<p>&#8211; 1 T\u00fai 7 ng\u00e0y: 250.000\u0111<\/p>\n<p>&#8211; 2 T\u00fai 14 ng\u00e0y: 480.000\u0111<\/p>\n<p>&#8211; 3 T\u00fai 21 ng\u00e0y: 660.000\u0111<\/p>\n<p>&#8211; 5 T\u00fai 35 ng\u00e0y 1.050.000\u0111<\/p>\n<h2>GI\u1edaI THI\u1ec6U V\u00ca VI\u00caN X\u01a0 DETOX<\/h2>\n<p>&#8211; L\u00e0 th\u1ea3o d\u01b0\u1ee3c thi\u00ean nhi\u00ean \u0111\u01b0\u1ee3c chi\u1ebft xu\u1ea5t ho\u00e0n to\u00e0n t\u1eeb c\u00e1c t\u1eeb th\u1ea3o m\u1ed9c thi\u00ean nhi\u00ean nh\u01b0: qu\u1ea3 m\u1eafc kham, qu\u1ea3 b\u1ee9a, hoa s\u1ee9, tr\u00e0 xanh th\u1ea3o m\u1ed9c , h\u1ea1t ti\u00eau \u0111en, th\u1ed5 m\u1eadt xoan, h\u1ed3ng hoa,\u2026..<\/p>\n<p>&#8211; C\u00e1c th\u00e0nh ph\u1ea7n thi\u00ean nhi\u00ean n\u00e0y ho\u00e0n to\u00e0n t\u1ed1t v\u00e0 c\u1ef1c k\u00ec an to\u00e0n v\u1edbi m\u1eb9 b\u1ec9m s\u1eefa.<\/p>\n<h2>T\u1ea0I SAO N\u00caN D\u00d9NG VI\u00caN X\u01a0 DETOX CELL?<\/h2>\n<p>&#8211; \u0110\u00e0o th\u1ea3i \u0111\u1ed9c t\u1ed1, \u0111\u00e0o th\u1ea3i m\u1ee1 th\u1eeba, gi\u1ea3m m\u1ee1 b\u1ee5ng v\u00e0 m\u1ee1 th\u1eeba, thanh l\u1ecdc l\u1ea1i c\u01a1 th\u1ec3.<\/p>\n<p>&#8211; Ho\u00e0n to\u00e0n an to\u00e0n cho m\u1eb9 b\u1ec9m mu\u1ed1n dung \u0111\u1ec3 gi\u1ea3m v\u00f2ng eo v\u00e0 l\u1ea1i c\u1ef1c k\u00ec l\u1ee3i s\u1eefa.<\/p>\n<h2>\u0110\u1ed0I T\u01af\u1ee2NG N\u00c0O N\u00caN D\u00d9NG VI\u00caN X\u01a0 DETOX<\/h2>\n<p><img loading=\"lazy\" decoding=\"async\" class=\"aligncenter wp-image-998\" src=\"https:\/\/giamcankeodua.com\/wp-content\/uploads\/2021\/10\/z2594115462465_e41d59ead0d29750a068e3e0950e3c78-1024x768.jpg\" alt=\"HERD DETOX S LINE\" width=\"700\" height=\"525\" \/><\/p>\n<p>&#8211; Ng\u01b0\u1eddi gan nhi\u1ec5m m\u1ee1, m\u1ee1 m\u00e1u.<\/p>\n<p>&#8211; M\u1eb9 sau sinh 1 th\u00e1ng \u0111ang cho con b\u00fa.<\/p>\n<p>&#8211; Ng\u01b0\u1eddi \u00edt v\u1eadn \u0111\u1ed9ng, c\u00f3 nhu c\u1ea7u gi\u1ea3m b\u1ee5ng.<\/p>\n<p>&#8211; Ng\u01b0\u1eddi m\u1eafc ch\u1ee9ng t\u00e1o b\u00f3n, ch\u01b0\u1edbng b\u1ee5ng.<\/p>\n<p>&#8211; Ng\u01b0\u1eddi hay \u0103n nhi\u1ec1u s\u1ee3 b\u00e9o c\u1ea7n \u0111\u00e0o th\u1ea3i calo ra ngo\u00e0i.<\/p>\n<p>&#8211; K\u1ebft h\u1ee3p v\u1edbi c\u00e1c lo\u1ea1i gi\u1ea3m c\u00e2n ho\u1eb7c li\u1ec7u tr\u00ecnh gi\u1ea3m m\u1ee1 t\u1ea1i Spa t\u1ea1ng hi\u1ec7u qu\u1ea3.<\/p>\n<p>&#8211; Ng\u01b0\u1eddi \u0111\u00e3 gi\u1ea3m c\u00e2n th\u00e0nh c\u00f4ng mu\u1ed1n gi\u1eef c\u00e2n n\u1eb7ng \u1ed5n \u0111\u1ecbnh.<\/p>\n<p>&#8211; Nam v\u00e0 n\u1eef \u0111\u1ec1u n\u00ean s\u1eed d\u1ee5ng \u0111\u1ec3 c\u00f3 s\u1ee9c kh\u1ecfe t\u1ed1t<\/p>\n<p>&#8211; H\u1ed7 tr\u1ee3 \u0111\u00e0o th\u1ea3i c\u00e1c calo b\u00e9o c\u00f3 trong th\u1ee9c \u0103n h\u00e0ng ng\u00e0y \u0111\u1ec3 gi\u1eef d\u00e1ng, gi\u1eef c\u00e2n n\u1eb7ng \u1ed5n \u0111\u1ecbnh.<\/p>\n<h2>TH\u00c0NH PH\u1ea6N<\/h2>\n<p>&#8211; Tinh ch\u1ea5t qu\u1ea3 b\u1ee9a, qu\u1ea3 m\u1eafc kham: Thanh l\u1ecdc c\u01a1 th\u1ec3, \u0111\u1ea9y ch\u1ea5t b\u00e9o ra ngo\u00e0i,chuy\u1ec3n h\u00f3a carbohydrate, t\u0103ng c\u01b0\u1eddng trao \u0111\u1ed5i ch\u1ea5t, ng\u0103n ch\u1eb7n kh\u00f4ng cho ch\u1ea5t b\u00e9o d\u01b0 th\u1eeba v\u00e0 t\u00edch m\u1ee1.<\/p>\n<p>&#8211; Chi\u1ebft xu\u1ea5t gi\u1ea5m t\u00e1o: Ch\u1ed1ng t\u00e1o b\u00f3n, nhu\u1eadn tr\u00e0ng, l\u00e0m s\u1ea1ch ru\u1ed9t<\/p>\n<p>&#8211; Th\u1ed5 m\u1eadt xoan: Nhu\u1eadn tr\u00e0ng, m\u00e1t gan.<\/p>\n<p>&#8211; Ti\u00eau \u0111en: H\u1ed7 tr\u1ee3 gi\u1ea3m b\u00e9o ph\u00ec, gi\u1ea3m stress.<\/p>\n<p>&#8211; H\u1ed3ng hoa: C\u00f3 t\u00e1c d\u1ee5ng t\u1ea9y, l\u00e0m to\u00e1t m\u1ed3 h\u00f4i, k\u00edch th\u00edch v\u00e0 l\u00e0m d\u1ecbu \u0111au. H\u1ea1t c\u00f3 t\u00e1c d\u1ee5ng x\u1ed5, l\u1ee3i ti\u1ec3u.<\/p>\n<p>&#8211; Tr\u00e0 xanh th\u1ea3o m\u1ed9c: K\u00edch th\u00edch ti\u00eau h\u00f3a, nhu\u1eadn tr\u01b0\u1eddng, x\u1ed5 \u0111\u1ed9c, ch\u1eefa t\u00e1o b\u00f3n, \u0103n kh\u00f4ng ti\u00eau, ch\u01b0\u1edbng b\u1ee5ng \u0111\u1ea7y h\u01a1i, gi\u1ea3i \u0111\u1ed9c gan, ti\u00eau th\u1ef1c \u0111\u00e0o th\u1ea3i c\u00e1c ch\u1ea5t c\u1eb7n b\u00e3 t\u00edch \u1ee9 trong th\u00e0nh ru\u1ed9t l\u00e2u ng\u00e0y. H\u1ed7 tr\u1ee3 l\u00e0m \u0111\u1eb9p da, m\u01b0\u1ee3t t\u00f3c.<\/p>\n<p>&#8211; Hoa s\u1ee9: \u0110i\u1ec1u tr\u1ecb ti\u1ec3u \u0111\u01b0\u1eddng.<\/p>\n<p>&nbsp;<\/p>","protected":false},"excerpt":{"rendered":"<p>K\u1eb9o D\u1ee9a gi\u1ea3m c\u00e2n V.I.C Organic v\u00e0 Herd Detox s line<\/p>\n<p>&nbsp;<\/p>","protected":false},"featured_media":0,"comment_status":"closed","ping_status":"closed","template":"","meta":[],"product_brand":[],"product_cat":[33],"product_tag":[24],"class_list":{"0":"post-1201","1":"product","2":"type-product","3":"status-publish","5":"product_cat-san-pham-ban-chay","6":"product_tag-combo-keo-dua-giam-can-v-i-c-detox-cell","8":"first","9":"instock","10":"shipping-taxable","11":"purchasable","12":"product-type-simple"},"yoast_head":"<!-- This site is optimized with the Yoast SEO plugin v25.0 - https:\/\/yoast.com\/wordpress\/plugins\/seo\/ -->\n<title>COMBO K\u1eb8O D\u1ee8A GI\u1ea2M C\u00c2N V.I.C &amp; DETOX - SOMEKCO<\/title>\n<meta name=\"robots\" content=\"noindex, follow, max-snippet:-1, max-image-preview:large, max-video-preview:-1\" \/>\n<meta property=\"og:locale\" content=\"en_US\" \/>\n<meta property=\"og:type\" content=\"article\" \/>\n<meta property=\"og:title\" content=\"COMBO K\u1eb8O D\u1ee8A GI\u1ea2M C\u00c2N V.I.C &amp; DETOX - SOMEKCO\" \/>\n<meta property=\"og:description\" content=\"K\u1eb9o D\u1ee9a gi\u1ea3m c\u00e2n V.I.C Organic v\u00e0 Herd Detox s line &nbsp;\" \/>\n<meta property=\"og:url\" content=\"https:\/\/trankhoi.net\/en\/product\/combo-keo-dua-giam-can-v-i-c-detox-cell\/\" \/>\n<meta property=\"og:site_name\" content=\"SOMEKCO\" \/>\n<meta property=\"og:image\" content=\"https:\/\/giamcankeodua.com\/wp-content\/uploads\/2021\/10\/z2699706988370_cc95a5d4cfc19267895bb15780e29f1f-880x1024.jpg\" \/>\n<meta name=\"twitter:card\" content=\"summary_large_image\" \/>\n<meta name=\"twitter:label1\" content=\"Est. reading time\" \/>\n\t<meta name=\"twitter:data1\" content=\"6 minutes\" \/>\n<script type=\"application\/ld+json\" class=\"yoast-schema-graph\">{\"@context\":\"https:\/\/schema.org\",\"@graph\":[{\"@type\":\"WebPage\",\"@id\":\"https:\/\/trankhoi.net\/san-pham\/combo-keo-dua-giam-can-v-i-c-detox-cell\/\",\"url\":\"https:\/\/trankhoi.net\/san-pham\/combo-keo-dua-giam-can-v-i-c-detox-cell\/\",\"name\":\"COMBO K\u1eb8O D\u1ee8A GI\u1ea2M C\u00c2N V.I.C & DETOX - SOMEKCO\",\"isPartOf\":{\"@id\":\"https:\/\/trankhoi.net\/#website\"},\"primaryImageOfPage\":{\"@id\":\"https:\/\/trankhoi.net\/san-pham\/combo-keo-dua-giam-can-v-i-c-detox-cell\/#primaryimage\"},\"image\":{\"@id\":\"https:\/\/trankhoi.net\/san-pham\/combo-keo-dua-giam-can-v-i-c-detox-cell\/#primaryimage\"},\"thumbnailUrl\":\"https:\/\/giamcankeodua.com\/wp-content\/uploads\/2021\/10\/z2699706988370_cc95a5d4cfc19267895bb15780e29f1f-880x1024.jpg\",\"datePublished\":\"2021-10-20T07:16:54+00:00\",\"breadcrumb\":{\"@id\":\"https:\/\/trankhoi.net\/san-pham\/combo-keo-dua-giam-can-v-i-c-detox-cell\/#breadcrumb\"},\"inLanguage\":\"en-US\",\"potentialAction\":[{\"@type\":\"ReadAction\",\"target\":[\"https:\/\/trankhoi.net\/san-pham\/combo-keo-dua-giam-can-v-i-c-detox-cell\/\"]}]},{\"@type\":\"ImageObject\",\"inLanguage\":\"en-US\",\"@id\":\"https:\/\/trankhoi.net\/san-pham\/combo-keo-dua-giam-can-v-i-c-detox-cell\/#primaryimage\",\"url\":\"https:\/\/giamcankeodua.com\/wp-content\/uploads\/2021\/10\/z2699706988370_cc95a5d4cfc19267895bb15780e29f1f-880x1024.jpg\",\"contentUrl\":\"https:\/\/giamcankeodua.com\/wp-content\/uploads\/2021\/10\/z2699706988370_cc95a5d4cfc19267895bb15780e29f1f-880x1024.jpg\"},{\"@type\":\"BreadcrumbList\",\"@id\":\"https:\/\/trankhoi.net\/san-pham\/combo-keo-dua-giam-can-v-i-c-detox-cell\/#breadcrumb\",\"itemListElement\":[{\"@type\":\"ListItem\",\"position\":1,\"name\":\"Trang ch\u1ee7\",\"item\":\"https:\/\/trankhoi.net\/\"},{\"@type\":\"ListItem\",\"position\":2,\"name\":\"C\u1eeda h\u00e0ng\",\"item\":\"https:\/\/trankhoi.net\/cua-hang\/\"},{\"@type\":\"ListItem\",\"position\":3,\"name\":\"COMBO K\u1eb8O D\u1ee8A GI\u1ea2M C\u00c2N V.I.C &#038; DETOX\"}]},{\"@type\":\"WebSite\",\"@id\":\"https:\/\/trankhoi.net\/#website\",\"url\":\"https:\/\/trankhoi.net\/\",\"name\":\"SOMEKCO\",\"description\":\"C\u00f4ng ty xu\u1ea5t nh\u1eadp kh\u1ea9u s\u1ea3n ph\u1ea9m d\u1eeba b\u1ebfn tre\",\"potentialAction\":[{\"@type\":\"SearchAction\",\"target\":{\"@type\":\"EntryPoint\",\"urlTemplate\":\"https:\/\/trankhoi.net\/?s={search_term_string}\"},\"query-input\":{\"@type\":\"PropertyValueSpecification\",\"valueRequired\":true,\"valueName\":\"search_term_string\"}}],\"inLanguage\":\"en-US\"}]}<\/script>\n<!-- \/ Yoast SEO plugin. -->","yoast_head_json":{"title":"COMBO K\u1eb8O D\u1ee8A GI\u1ea2M C\u00c2N V.I.C & DETOX - SOMEKCO","robots":{"index":"noindex","follow":"follow","max-snippet":"max-snippet:-1","max-image-preview":"max-image-preview:large","max-video-preview":"max-video-preview:-1"},"og_locale":"en_US","og_type":"article","og_title":"COMBO K\u1eb8O D\u1ee8A GI\u1ea2M C\u00c2N V.I.C & DETOX - SOMEKCO","og_description":"K\u1eb9o D\u1ee9a gi\u1ea3m c\u00e2n V.I.C Organic v\u00e0 Herd Detox s line &nbsp;","og_url":"https:\/\/trankhoi.net\/en\/product\/combo-keo-dua-giam-can-v-i-c-detox-cell\/","og_site_name":"SOMEKCO","og_image":[{"url":"https:\/\/giamcankeodua.com\/wp-content\/uploads\/2021\/10\/z2699706988370_cc95a5d4cfc19267895bb15780e29f1f-880x1024.jpg","type":"","width":"","height":""}],"twitter_card":"summary_large_image","twitter_misc":{"Est. reading time":"6 minutes"},"schema":{"@context":"https:\/\/schema.org","@graph":[{"@type":"WebPage","@id":"https:\/\/trankhoi.net\/san-pham\/combo-keo-dua-giam-can-v-i-c-detox-cell\/","url":"https:\/\/trankhoi.net\/san-pham\/combo-keo-dua-giam-can-v-i-c-detox-cell\/","name":"COMBO K\u1eb8O D\u1ee8A GI\u1ea2M C\u00c2N V.I.C & DETOX - SOMEKCO","isPartOf":{"@id":"https:\/\/trankhoi.net\/#website"},"primaryImageOfPage":{"@id":"https:\/\/trankhoi.net\/san-pham\/combo-keo-dua-giam-can-v-i-c-detox-cell\/#primaryimage"},"image":{"@id":"https:\/\/trankhoi.net\/san-pham\/combo-keo-dua-giam-can-v-i-c-detox-cell\/#primaryimage"},"thumbnailUrl":"https:\/\/giamcankeodua.com\/wp-content\/uploads\/2021\/10\/z2699706988370_cc95a5d4cfc19267895bb15780e29f1f-880x1024.jpg","datePublished":"2021-10-20T07:16:54+00:00","breadcrumb":{"@id":"https:\/\/trankhoi.net\/san-pham\/combo-keo-dua-giam-can-v-i-c-detox-cell\/#breadcrumb"},"inLanguage":"en-US","potentialAction":[{"@type":"ReadAction","target":["https:\/\/trankhoi.net\/san-pham\/combo-keo-dua-giam-can-v-i-c-detox-cell\/"]}]},{"@type":"ImageObject","inLanguage":"en-US","@id":"https:\/\/trankhoi.net\/san-pham\/combo-keo-dua-giam-can-v-i-c-detox-cell\/#primaryimage","url":"https:\/\/giamcankeodua.com\/wp-content\/uploads\/2021\/10\/z2699706988370_cc95a5d4cfc19267895bb15780e29f1f-880x1024.jpg","contentUrl":"https:\/\/giamcankeodua.com\/wp-content\/uploads\/2021\/10\/z2699706988370_cc95a5d4cfc19267895bb15780e29f1f-880x1024.jpg"},{"@type":"BreadcrumbList","@id":"https:\/\/trankhoi.net\/san-pham\/combo-keo-dua-giam-can-v-i-c-detox-cell\/#breadcrumb","itemListElement":[{"@type":"ListItem","position":1,"name":"Trang ch\u1ee7","item":"https:\/\/trankhoi.net\/"},{"@type":"ListItem","position":2,"name":"C\u1eeda h\u00e0ng","item":"https:\/\/trankhoi.net\/cua-hang\/"},{"@type":"ListItem","position":3,"name":"COMBO K\u1eb8O D\u1ee8A GI\u1ea2M C\u00c2N V.I.C &#038; DETOX"}]},{"@type":"WebSite","@id":"https:\/\/trankhoi.net\/#website","url":"https:\/\/trankhoi.net\/","name":"SOMEKCO","description":"C\u00f4ng ty xu\u1ea5t nh\u1eadp kh\u1ea9u s\u1ea3n ph\u1ea9m d\u1eeba b\u1ebfn tre","potentialAction":[{"@type":"SearchAction","target":{"@type":"EntryPoint","urlTemplate":"https:\/\/trankhoi.net\/?s={search_term_string}"},"query-input":{"@type":"PropertyValueSpecification","valueRequired":true,"valueName":"search_term_string"}}],"inLanguage":"en-US"}]}},"_links":{"self":[{"href":"https:\/\/trankhoi.net\/en\/wp-json\/wp\/v2\/product\/1201","targetHints":{"allow":["GET"]}}],"collection":[{"href":"https:\/\/trankhoi.net\/en\/wp-json\/wp\/v2\/product"}],"about":[{"href":"https:\/\/trankhoi.net\/en\/wp-json\/wp\/v2\/types\/product"}],"replies":[{"embeddable":true,"href":"https:\/\/trankhoi.net\/en\/wp-json\/wp\/v2\/comments?post=1201"}],"wp:attachment":[{"href":"https:\/\/trankhoi.net\/en\/wp-json\/wp\/v2\/media?parent=1201"}],"wp:term":[{"taxonomy":"product_brand","embeddable":true,"href":"https:\/\/trankhoi.net\/en\/wp-json\/wp\/v2\/product_brand?post=1201"},{"taxonomy":"product_cat","embeddable":true,"href":"https:\/\/trankhoi.net\/en\/wp-json\/wp\/v2\/product_cat?post=1201"},{"taxonomy":"product_tag","embeddable":true,"href":"https:\/\/trankhoi.net\/en\/wp-json\/wp\/v2\/product_tag?post=1201"}],"curies":[{"name":"wp","href":"https:\/\/api.w.org\/{rel}","templated":true}]}}