{"id":1368,"date":"2025-05-06T09:11:27","date_gmt":"2025-05-06T09:11:27","guid":{"rendered":"https:\/\/trankhoi.net\/?page_id=1368"},"modified":"2025-05-08T10:54:04","modified_gmt":"2025-05-08T03:54:04","slug":"nha-may-3","status":"publish","type":"page","link":"https:\/\/trankhoi.net\/en\/nha-may-3\/","title":{"rendered":"Nh\u00e0 m\u00e1y"},"content":{"rendered":"<section class=\"section\" id=\"section_584548454\">\n\t\t<div class=\"bg section-bg fill bg-fill\" >\n\n\t\t\t\n\t\t\t\n\t\t\t\n\n\t\t<\/div>\n\n\t\t\n\n\t\t<div class=\"section-content relative\">\n\t\t\t\n\t<div class=\"img has-hover x md-x lg-x y md-y lg-y\" id=\"image_1054403597\">\n\t\t\t\t\t\t\t\t<div class=\"img-inner image-zoom dark\" >\n\t\t\t<img loading=\"lazy\" decoding=\"async\" width=\"1020\" height=\"372\" src=\"https:\/\/trankhoi.net\/wp-content\/uploads\/2025\/05\/banner-dua2-1-01-1024x373.jpg\" class=\"attachment-large size-large\" alt=\"banner dua2\" srcset=\"https:\/\/trankhoi.net\/wp-content\/uploads\/2025\/05\/banner-dua2-1-01-1024x373.jpg 1024w, https:\/\/trankhoi.net\/wp-content\/uploads\/2025\/05\/banner-dua2-1-01-300x109.jpg 300w, https:\/\/trankhoi.net\/wp-content\/uploads\/2025\/05\/banner-dua2-1-01-768x280.jpg 768w, https:\/\/trankhoi.net\/wp-content\/uploads\/2025\/05\/banner-dua2-1-01-1536x560.jpg 1536w, https:\/\/trankhoi.net\/wp-content\/uploads\/2025\/05\/banner-dua2-1-01-2048x746.jpg 2048w, https:\/\/trankhoi.net\/wp-content\/uploads\/2025\/05\/banner-dua2-1-01-600x219.jpg 600w\" sizes=\"auto, (max-width: 1020px) 100vw, 1020px\" \/>\t\t\t\t\t\t\n\t\t\t\t\t<\/div>\n\t\t\t\t\t\t\t\t\n<style>\n#image_1054403597 {\n  width: 100%;\n}\n<\/style>\n\t<\/div>\n\t\n<div class=\"row\"  id=\"row-563718632\">\n\n\t<div id=\"col-411026672\" class=\"col medium-6 small-12 large-6\"  >\n\t\t\t\t<div class=\"col-inner\"  >\n\t\t\t\n\t\t\t\n\t<div class=\"img has-hover x md-x lg-x y md-y lg-y\" id=\"image_361077799\">\n\t\t\t\t\t\t<div data-animate=\"fadeInLeft\">\t\t<div class=\"img-inner dark\" style=\"margin:30px 0px 0px 0px;\">\n\t\t\t<img loading=\"lazy\" decoding=\"async\" width=\"500\" height=\"340\" src=\"https:\/\/trankhoi.net\/wp-content\/uploads\/2025\/05\/nha-may-1.png\" class=\"attachment-large size-large\" alt=\"nh\u00e0 m\u00e1y somekco\" srcset=\"https:\/\/trankhoi.net\/wp-content\/uploads\/2025\/05\/nha-may-1.png 500w, https:\/\/trankhoi.net\/wp-content\/uploads\/2025\/05\/nha-may-1-300x204.png 300w\" sizes=\"auto, (max-width: 500px) 100vw, 500px\" \/>\t\t\t\t\t\t\n\t\t\t\t\t<\/div>\n\t\t<\/div>\t\t\t\t\t\t\n<style>\n#image_361077799 {\n  width: 100%;\n}\n<\/style>\n\t<\/div>\n\t\n\t\t<\/div>\n\t\t\t\t\t<\/div>\n\n\t\n\n\t<div id=\"col-1790614000\" class=\"col medium-6 small-12 large-6\"  >\n\t\t\t\t<div class=\"col-inner\"  >\n\t\t\t\n\t\t\t\n\t<div class=\"img has-hover x md-x lg-x y md-y lg-y\" id=\"image_1373899451\">\n\t\t\t\t\t\t<div data-animate=\"bounceInDown\">\t\t<div class=\"img-inner dark\" style=\"margin:80px 0px 0px 0px;\">\n\t\t\t<img loading=\"lazy\" decoding=\"async\" width=\"859\" height=\"103\" src=\"https:\/\/trankhoi.net\/wp-content\/uploads\/2025\/05\/Nha-may-cua-chung-toi.png\" class=\"attachment-large size-large\" alt=\"Ch\u1eef nh\u00e0 m\u00e1y\" srcset=\"https:\/\/trankhoi.net\/wp-content\/uploads\/2025\/05\/Nha-may-cua-chung-toi.png 859w, https:\/\/trankhoi.net\/wp-content\/uploads\/2025\/05\/Nha-may-cua-chung-toi-300x36.png 300w, https:\/\/trankhoi.net\/wp-content\/uploads\/2025\/05\/Nha-may-cua-chung-toi-768x92.png 768w, https:\/\/trankhoi.net\/wp-content\/uploads\/2025\/05\/Nha-may-cua-chung-toi-18x2.png 18w, https:\/\/trankhoi.net\/wp-content\/uploads\/2025\/05\/Nha-may-cua-chung-toi-600x72.png 600w\" sizes=\"auto, (max-width: 859px) 100vw, 859px\" \/>\t\t\t\t\t\t\n\t\t\t\t\t<\/div>\n\t\t<\/div>\t\t\t\t\t\t\n<style>\n#image_1373899451 {\n  width: 100%;\n}\n<\/style>\n\t<\/div>\n\t\n<h3 style=\"text-align: left;\"><strong>Ch\u1ea5t l\u01b0\u1ee3ng d\u1eeba B\u1ebfn Tre c\u1ee7a ch\u00fang t\u00f4i kh\u00f4ng thua k\u00e9m b\u1ea5t k\u1ef3 qu\u1ed1c gia n\u00e0o tr\u00ean th\u1ebf gi\u1edbi, v\u00e0 ch\u00fang t\u00f4i c\u00f3 ch\u1ee9ng nh\u1eadn \u0111\u1ec3 ch\u1ee9ng minh \u0111i\u1ec1u \u0111\u00f3<\/strong><\/h3>\n\t\t<\/div>\n\t\t\t\t\t<\/div>\n\n\t\n<\/div>\n<div class=\"row\"  id=\"row-989748468\">\n\n\t<div id=\"col-209097982\" class=\"col medium-5 small-12 large-5\"  >\n\t\t\t\t<div class=\"col-inner\"  >\n\t\t\t\n\t\t\t\n\t<div id=\"text-2901152689\" class=\"text\">\n\t\t\n<h1 style=\"text-align: center;\"><strong>C\u01a1 s\u1edf S\u1ea3n Xu\u1ea5t\u2028<\/strong><\/h1>\n<h1 style=\"text-align: center;\"><strong>\u0110\u1eb3ng C\u1ea5p Th\u1ebf Gi\u1edbi<\/strong><\/h1>\n\t\t\n<style>\n#text-2901152689 {\n  font-size: 1.3rem;\n}\n<\/style>\n\t<\/div>\n\t\n\t<div id=\"text-3966685560\" class=\"text\">\n\t\t\n<p>T\u1ea1i SOMEKCO, ch\u00fang t\u00f4i t\u1ef1 h\u00e0o duy tr\u00ec ti\u00eau chu\u1ea9n cao nh\u1ea5t v\u1ec1 ch\u1ea5t l\u01b0\u1ee3ng v\u00e0 \u0111\u1ed5i m\u1edbi trong ch\u1ebf bi\u1ebfn d\u1eeba. C\u01a1 s\u1edf c\u1ee7a ch\u00fang t\u00f4i \u0111\u01b0\u1ee3c trang b\u1ecb d\u00e2y chuy\u1ec1n s\u1ea3n xu\u1ea5t ho\u00e0n to\u00e0n t\u1ef1 \u0111\u1ed9ng, t\u1ed1i \u01b0u h\u00f3a t\u1eebng giai \u0111o\u1ea1n c\u1ee7a quy tr\u00ecnh\u2014t\u1eeb b\u00f3c v\u1ecf v\u00e0 ch\u1ebf bi\u1ebfn \u0111\u1ebfn \u0111\u00f3ng g\u00f3i v\u00e0 kho l\u1ea1nh. C\u00f4ng ngh\u1ec7 ti\u00ean ti\u1ebfn \u0111\u1ea3m b\u1ea3o m\u1ed7i tr\u00e1i d\u1eeba \u0111\u01b0\u1ee3c x\u1eed l\u00fd ch\u00ednh x\u00e1c, gi\u1eef nguy\u00ean \u0111\u1ed9 t\u01b0\u01a1i ngon v\u00e0 ch\u1ea5t l\u01b0\u1ee3ng v\u01b0\u1ee3t tr\u1ed9i.<\/p>\n<p>B\u1eb1ng c\u00e1ch t\u00edch h\u1ee3p c\u00e1c h\u1ec7 th\u1ed1ng truy xu\u1ea5t ngu\u1ed3n g\u1ed1c hi\u1ec7n \u0111\u1ea1i, ch\u00fang t\u00f4i \u0111\u1ea3m b\u1ea3o t\u00ednh minh b\u1ea1ch v\u00e0 an to\u00e0n, cho ph\u00e9p ch\u00fang t\u00f4i theo d\u00f5i t\u1eebng l\u00f4 h\u00e0ng t\u1eeb n\u00f4ng tr\u1ea1i \u0111\u1ebfn th\u1ecb tr\u01b0\u1eddng. S\u1ef1 c\u1ed1ng hi\u1ebfn cho s\u1ef1 xu\u1ea5t s\u1eafc trong s\u1ea3n xu\u1ea5t \u0111\u1ea3m b\u1ea3o r\u1eb1ng d\u1eeba c\u1ee7a ch\u00fang t\u00f4i lu\u00f4n \u0111\u1ea1t v\u00e0 v\u01b0\u1ee3t qua c\u00e1c ti\u00eau chu\u1ea9n qu\u1ed1c t\u1ebf, c\u1ee7ng c\u1ed1 danh ti\u1ebfng c\u1ee7a ch\u00fang t\u00f4i nh\u01b0 m\u1ed9t nh\u00e0 cung c\u1ea5p to\u00e0n c\u1ea7u \u0111\u00e1ng tin c\u1eady.<\/p>\n\t\t\n<style>\n#text-3966685560 {\n  font-size: 1.2rem;\n}\n<\/style>\n\t<\/div>\n\t\n\t\t<\/div>\n\t\t\t\t\t<\/div>\n\n\t\n\n\t<div id=\"col-532165909\" class=\"col medium-7 small-12 large-7\"  >\n\t\t\t\t<div class=\"col-inner\"  >\n\t\t\t\n\t\t\t\n\t<div class=\"img has-hover x md-x lg-x y md-y lg-y\" id=\"image_93743298\">\n\t\t\t\t\t\t<div data-animate=\"fadeInRight\">\t\t<div class=\"img-inner dark\" style=\"margin:30px 0px 0px 0px;\">\n\t\t\t<img loading=\"lazy\" decoding=\"async\" width=\"893\" height=\"1024\" src=\"https:\/\/trankhoi.net\/wp-content\/uploads\/2025\/05\/san-xuat-min-893x1024.png\" class=\"attachment-large size-large\" alt=\"s\u1ea3n xu\u1ea5t 1\" srcset=\"https:\/\/trankhoi.net\/wp-content\/uploads\/2025\/05\/san-xuat-min-893x1024.png 893w, https:\/\/trankhoi.net\/wp-content\/uploads\/2025\/05\/san-xuat-min-262x300.png 262w, https:\/\/trankhoi.net\/wp-content\/uploads\/2025\/05\/san-xuat-min-768x881.png 768w, https:\/\/trankhoi.net\/wp-content\/uploads\/2025\/05\/san-xuat-min-10x12.png 10w, https:\/\/trankhoi.net\/wp-content\/uploads\/2025\/05\/san-xuat-min-300x344.png 300w, https:\/\/trankhoi.net\/wp-content\/uploads\/2025\/05\/san-xuat-min-600x688.png 600w, https:\/\/trankhoi.net\/wp-content\/uploads\/2025\/05\/san-xuat-min.png 1050w\" sizes=\"auto, (max-width: 893px) 100vw, 893px\" \/>\t\t\t\t\t\t\n\t\t\t\t\t<\/div>\n\t\t<\/div>\t\t\t\t\t\t\n<style>\n#image_93743298 {\n  width: 100%;\n}\n<\/style>\n\t<\/div>\n\t\n\t\t<\/div>\n\t\t\t\t\t<\/div>\n\n\t\n<\/div>\n<div class=\"row\"  id=\"row-1630843919\">\n\n\t<div id=\"col-2134456906\" class=\"col medium-6 small-12 large-6\"  >\n\t\t\t\t<div class=\"col-inner\"  >\n\t\t\t\n\t\t\t\n\t<div class=\"img has-hover x md-x lg-x y md-y lg-y\" id=\"image_1741470618\">\n\t\t\t\t\t\t<div data-animate=\"fadeInLeft\">\t\t<div class=\"img-inner dark\" >\n\t\t\t<img loading=\"lazy\" decoding=\"async\" width=\"865\" height=\"1011\" src=\"https:\/\/trankhoi.net\/wp-content\/uploads\/2025\/05\/dua-xuat-khau-7709-39.jpg-1.png\" class=\"attachment-large size-large\" alt=\"xu\u1ea5t kh\u1ea9u d\u1eeba\" srcset=\"https:\/\/trankhoi.net\/wp-content\/uploads\/2025\/05\/dua-xuat-khau-7709-39.jpg-1.png 865w, https:\/\/trankhoi.net\/wp-content\/uploads\/2025\/05\/dua-xuat-khau-7709-39.jpg-1-257x300.png 257w, https:\/\/trankhoi.net\/wp-content\/uploads\/2025\/05\/dua-xuat-khau-7709-39.jpg-1-768x898.png 768w, https:\/\/trankhoi.net\/wp-content\/uploads\/2025\/05\/dua-xuat-khau-7709-39.jpg-1-300x351.png 300w, https:\/\/trankhoi.net\/wp-content\/uploads\/2025\/05\/dua-xuat-khau-7709-39.jpg-1-600x701.png 600w\" sizes=\"auto, (max-width: 865px) 100vw, 865px\" \/>\t\t\t\t\t\t\n\t\t\t\t\t<\/div>\n\t\t<\/div>\t\t\t\t\t\t\n<style>\n#image_1741470618 {\n  width: 100%;\n}\n<\/style>\n\t<\/div>\n\t\n\t\t<\/div>\n\t\t\t\t\t<\/div>\n\n\t\n\n\t<div id=\"col-1775020446\" class=\"col medium-6 small-12 large-6\"  >\n\t\t\t\t<div class=\"col-inner\"  >\n\t\t\t\n\t\t\t\n<h1 style=\"text-align: center;\"><strong>10,000 m2 Nh\u00e0 X\u01b0\u1edfng\u2028<\/strong><\/h1>\n<h1 style=\"text-align: center;\"><strong>v\u00e0 Trang Thi\u1ebft B\u1ecb<\/strong><\/h1>\n\t<div id=\"text-2113765391\" class=\"text\">\n\t\t\n<p>N\u1eb1m \u1edf trung t\u00e2m t\u1ec9nh B\u1ebfn Tre, th\u1ee7 ph\u1ee7 d\u1eeba c\u1ee7a Vi\u1ec7t Nam, nh\u00e0 m\u00e1y c\u1ee7a ch\u00fang t\u00f4i tr\u1ea3i r\u1ed9ng tr\u00ean di\u1ec7n t\u00edch 10,000 m\u00e9t vu\u00f4ng. V\u1ecb tr\u00ed chi\u1ebfn l\u01b0\u1ee3c n\u00e0y gi\u00fap ch\u00fang t\u00f4i t\u1ea1i ngu\u1ed3n cung c\u1ea5p nguy\u00ean li\u1ec7u th\u00f4 t\u1ed1t nh\u1ea5t, \u0111\u1ea3m b\u1ea3o r\u1eb1ng s\u1ea3n ph\u1ea9m c\u1ee7a ch\u00fang t\u00f4i \u0111\u01b0\u1ee3c h\u01b0\u1edfng l\u1ee3i t\u1eeb \u0111\u1ea5t \u0111ai gi\u00e0u dinh d\u01b0\u1ee1ng v\u00e0 ngu\u1ed3n t\u00e0i nguy\u00ean thi\u00ean nhi\u00ean phong ph\u00fa c\u1ee7a khu v\u1ef1c.<br \/>\u0110\u01b0\u1ee3c th\u00e0nh l\u1eadp v\u00e0o n\u0103m 2007 b\u1edfi C\u00f4ng ty VPM, SOMEKCO BEN TRE FACTORY \u0111\u00e3 \u0111\u01b0\u1ee3c thi\u1ebft k\u1ebf \u0111\u1ec3 th\u1ec3 hi\u1ec7n s\u1ef1 hi\u1ec7u qu\u1ea3, b\u1ec1n v\u1eefng v\u00e0 \u0111\u1ed5i m\u1edbi.\u2028Quy m\u00f4 v\u00e0 c\u01a1 s\u1edf h\u1ea1 t\u1ea7ng ti\u00ean ti\u1ebfn c\u1ee7a n\u00f3 cho ph\u00e9p ch\u00fang t\u00f4i ch\u1ebf bi\u1ebfn m\u1ed9t kh\u1ed1i l\u01b0\u1ee3ng l\u1edbn d\u1eeba trong khi v\u1eabn duy tr\u00ec c\u00e1c ti\u00eau chu\u1ea9n ch\u1ea5t l\u01b0\u1ee3ng v\u00e0 \u0111\u1ed9 t\u01b0\u01a1i cao nh\u1ea5t.<br \/>Nh\u00e0 m\u00e1y c\u1ee7a ch\u00fang t\u00f4i kh\u00f4ng ch\u1ec9 l\u00e0 m\u1ed9t c\u01a1 s\u1edf\u2014n\u00f3 l\u00e0 trung t\u00e2m n\u01a1i truy\u1ec1n th\u1ed1ng g\u1eb7p g\u1ee1 c\u00f4ng ngh\u1ec7, v\u00e0 n\u01a1i nh\u1eefng tr\u00e1i d\u1eeba t\u1ed1t nh\u1ea5t c\u1ee7a Vi\u1ec7t Nam \u0111\u01b0\u1ee3c chu\u1ea9n b\u1ecb \u0111\u1ec3 \u0111\u00e1p \u1ee9ng nhu c\u1ea7u c\u1ee7a kh\u00e1ch h\u00e0ng tr\u00ean to\u00e0n th\u1ebf gi\u1edbi.<\/p>\n\t\t\n<style>\n#text-2113765391 {\n  font-size: 1.2rem;\n}\n<\/style>\n\t<\/div>\n\t\n\t\t<\/div>\n\t\t\t\t\t<\/div>\n\n\t\n<\/div>\n\t\t<\/div>\n\n\t\t\n<style>\n#section_584548454 {\n  padding-top: 30px;\n  padding-bottom: 30px;\n}\n#section_584548454 .section-bg.bg-loaded {\n  background-image: url(https:\/\/trankhoi.net\/wp-content\/uploads\/2025\/05\/bg-3-min-1-768x1643.png);\n}\n#section_584548454 .section-bg {\n  background-position: 47% 100%;\n}\n#section_584548454 .ux-shape-divider--top svg {\n  height: 150px;\n  --divider-top-width: 100%;\n}\n#section_584548454 .ux-shape-divider--bottom svg {\n  height: 150px;\n  --divider-width: 100%;\n}\n<\/style>\n\t<\/section>","protected":false},"excerpt":{"rendered":"","protected":false},"author":2,"featured_media":0,"parent":0,"menu_order":0,"comment_status":"closed","ping_status":"closed","template":"page-blank.php","meta":{"footnotes":""},"class_list":["post-1368","page","type-page","status-publish","hentry"],"yoast_head":"<!-- This site is optimized with the Yoast SEO plugin v25.0 - https:\/\/yoast.com\/wordpress\/plugins\/seo\/ -->\n<title>Nh\u00e0 m\u00e1y - SOMEKCO<\/title>\n<meta name=\"robots\" content=\"noindex, follow, max-snippet:-1, max-image-preview:large, max-video-preview:-1\" \/>\n<meta property=\"og:locale\" content=\"en_US\" \/>\n<meta property=\"og:type\" content=\"article\" \/>\n<meta property=\"og:title\" content=\"Nh\u00e0 m\u00e1y - SOMEKCO\" \/>\n<meta property=\"og:url\" content=\"https:\/\/trankhoi.net\/en\/nha-may-3\/\" \/>\n<meta property=\"og:site_name\" content=\"SOMEKCO\" \/>\n<meta property=\"article:modified_time\" content=\"2025-05-08T03:54:04+00:00\" \/>\n<meta name=\"twitter:card\" content=\"summary_large_image\" \/>\n<script type=\"application\/ld+json\" class=\"yoast-schema-graph\">{\"@context\":\"https:\/\/schema.org\",\"@graph\":[{\"@type\":\"WebPage\",\"@id\":\"https:\/\/trankhoi.net\/nha-may-3\/\",\"url\":\"https:\/\/trankhoi.net\/nha-may-3\/\",\"name\":\"Nh\u00e0 m\u00e1y - SOMEKCO\",\"isPartOf\":{\"@id\":\"https:\/\/trankhoi.net\/#website\"},\"datePublished\":\"2025-05-06T09:11:27+00:00\",\"dateModified\":\"2025-05-08T03:54:04+00:00\",\"breadcrumb\":{\"@id\":\"https:\/\/trankhoi.net\/nha-may-3\/#breadcrumb\"},\"inLanguage\":\"en-US\",\"potentialAction\":[{\"@type\":\"ReadAction\",\"target\":[\"https:\/\/trankhoi.net\/nha-may-3\/\"]}]},{\"@type\":\"BreadcrumbList\",\"@id\":\"https:\/\/trankhoi.net\/nha-may-3\/#breadcrumb\",\"itemListElement\":[{\"@type\":\"ListItem\",\"position\":1,\"name\":\"Trang ch\u1ee7\",\"item\":\"https:\/\/trankhoi.net\/\"},{\"@type\":\"ListItem\",\"position\":2,\"name\":\"Nh\u00e0 m\u00e1y\"}]},{\"@type\":\"WebSite\",\"@id\":\"https:\/\/trankhoi.net\/#website\",\"url\":\"https:\/\/trankhoi.net\/\",\"name\":\"SOMEKCO\",\"description\":\"C\u00f4ng ty xu\u1ea5t nh\u1eadp kh\u1ea9u s\u1ea3n ph\u1ea9m d\u1eeba b\u1ebfn tre\",\"potentialAction\":[{\"@type\":\"SearchAction\",\"target\":{\"@type\":\"EntryPoint\",\"urlTemplate\":\"https:\/\/trankhoi.net\/?s={search_term_string}\"},\"query-input\":{\"@type\":\"PropertyValueSpecification\",\"valueRequired\":true,\"valueName\":\"search_term_string\"}}],\"inLanguage\":\"en-US\"}]}<\/script>\n<!-- \/ Yoast SEO plugin. -->","yoast_head_json":{"title":"Nh\u00e0 m\u00e1y - SOMEKCO","robots":{"index":"noindex","follow":"follow","max-snippet":"max-snippet:-1","max-image-preview":"max-image-preview:large","max-video-preview":"max-video-preview:-1"},"og_locale":"en_US","og_type":"article","og_title":"Nh\u00e0 m\u00e1y - SOMEKCO","og_url":"https:\/\/trankhoi.net\/en\/nha-may-3\/","og_site_name":"SOMEKCO","article_modified_time":"2025-05-08T03:54:04+00:00","twitter_card":"summary_large_image","schema":{"@context":"https:\/\/schema.org","@graph":[{"@type":"WebPage","@id":"https:\/\/trankhoi.net\/nha-may-3\/","url":"https:\/\/trankhoi.net\/nha-may-3\/","name":"Nh\u00e0 m\u00e1y - SOMEKCO","isPartOf":{"@id":"https:\/\/trankhoi.net\/#website"},"datePublished":"2025-05-06T09:11:27+00:00","dateModified":"2025-05-08T03:54:04+00:00","breadcrumb":{"@id":"https:\/\/trankhoi.net\/nha-may-3\/#breadcrumb"},"inLanguage":"en-US","potentialAction":[{"@type":"ReadAction","target":["https:\/\/trankhoi.net\/nha-may-3\/"]}]},{"@type":"BreadcrumbList","@id":"https:\/\/trankhoi.net\/nha-may-3\/#breadcrumb","itemListElement":[{"@type":"ListItem","position":1,"name":"Trang ch\u1ee7","item":"https:\/\/trankhoi.net\/"},{"@type":"ListItem","position":2,"name":"Nh\u00e0 m\u00e1y"}]},{"@type":"WebSite","@id":"https:\/\/trankhoi.net\/#website","url":"https:\/\/trankhoi.net\/","name":"SOMEKCO","description":"C\u00f4ng ty xu\u1ea5t nh\u1eadp kh\u1ea9u s\u1ea3n ph\u1ea9m d\u1eeba b\u1ebfn tre","potentialAction":[{"@type":"SearchAction","target":{"@type":"EntryPoint","urlTemplate":"https:\/\/trankhoi.net\/?s={search_term_string}"},"query-input":{"@type":"PropertyValueSpecification","valueRequired":true,"valueName":"search_term_string"}}],"inLanguage":"en-US"}]}},"_links":{"self":[{"href":"https:\/\/trankhoi.net\/en\/wp-json\/wp\/v2\/pages\/1368","targetHints":{"allow":["GET"]}}],"collection":[{"href":"https:\/\/trankhoi.net\/en\/wp-json\/wp\/v2\/pages"}],"about":[{"href":"https:\/\/trankhoi.net\/en\/wp-json\/wp\/v2\/types\/page"}],"author":[{"embeddable":true,"href":"https:\/\/trankhoi.net\/en\/wp-json\/wp\/v2\/users\/2"}],"replies":[{"embeddable":true,"href":"https:\/\/trankhoi.net\/en\/wp-json\/wp\/v2\/comments?post=1368"}],"version-history":[{"count":14,"href":"https:\/\/trankhoi.net\/en\/wp-json\/wp\/v2\/pages\/1368\/revisions"}],"predecessor-version":[{"id":1699,"href":"https:\/\/trankhoi.net\/en\/wp-json\/wp\/v2\/pages\/1368\/revisions\/1699"}],"wp:attachment":[{"href":"https:\/\/trankhoi.net\/en\/wp-json\/wp\/v2\/media?parent=1368"}],"curies":[{"name":"wp","href":"https:\/\/api.w.org\/{rel}","templated":true}]}}