{"id":1365,"date":"2025-05-06T09:11:16","date_gmt":"2025-05-06T09:11:16","guid":{"rendered":"https:\/\/trankhoi.net\/?page_id=1365"},"modified":"2025-05-08T11:05:56","modified_gmt":"2025-05-08T04:05:56","slug":"trang-trai-2","status":"publish","type":"page","link":"https:\/\/trankhoi.net\/en\/trang-trai-2\/","title":{"rendered":"N\u00f4ng tr\u1ea1i"},"content":{"rendered":"<section class=\"section\" id=\"section_1334035202\">\n\t\t<div class=\"bg section-bg fill bg-fill\" >\n\n\t\t\t\n\t\t\t\n\t\t\t\n\n\t\t<\/div>\n\n\t\t\n\n\t\t<div class=\"section-content relative\">\n\t\t\t\n\t<div class=\"img has-hover x md-x lg-x y md-y lg-y\" id=\"image_42159237\">\n\t\t\t\t\t\t\t\t<div class=\"img-inner dark\" >\n\t\t\t<img loading=\"lazy\" decoding=\"async\" width=\"1000\" height=\"410\" src=\"https:\/\/trankhoi.net\/wp-content\/uploads\/2025\/05\/banner-2.jpg\" class=\"attachment-2048x2048 size-2048x2048\" alt=\"Banner v\u1ec1 ch\u00fang t\u00f4i\" srcset=\"https:\/\/trankhoi.net\/wp-content\/uploads\/2025\/05\/banner-2.jpg 1000w, https:\/\/trankhoi.net\/wp-content\/uploads\/2025\/05\/banner-2-300x123.jpg 300w, https:\/\/trankhoi.net\/wp-content\/uploads\/2025\/05\/banner-2-768x315.jpg 768w, https:\/\/trankhoi.net\/wp-content\/uploads\/2025\/05\/banner-2-600x246.jpg 600w\" sizes=\"auto, (max-width: 1000px) 100vw, 1000px\" \/>\t\t\t\t\t\t\n\t\t\t\t\t<\/div>\n\t\t\t\t\t\t\t\t\n<style>\n#image_42159237 {\n  width: 100%;\n}\n<\/style>\n\t<\/div>\n\t\n<div class=\"row\"  id=\"row-532354293\">\n\n\t<div id=\"col-2043165109\" class=\"col medium-6 small-12 large-6\"  >\n\t\t\t\t<div class=\"col-inner\"  >\n\t\t\t\n\t\t\t\n\t<div class=\"img has-hover x md-x lg-x y md-y lg-y\" id=\"image_1072487138\">\n\t\t\t\t\t\t<div data-animate=\"fadeInLeft\">\t\t<div class=\"img-inner dark\" style=\"margin:30px 0px 0px 0px;\">\n\t\t\t<img loading=\"lazy\" decoding=\"async\" width=\"774\" height=\"1024\" src=\"https:\/\/trankhoi.net\/wp-content\/uploads\/2025\/05\/cay-dua-774x1024.png\" class=\"attachment-large size-large\" alt=\"c\u00e2y v\u00e0 tr\u00e1i d\u1eeba 1\" srcset=\"https:\/\/trankhoi.net\/wp-content\/uploads\/2025\/05\/cay-dua-774x1024.png 774w, https:\/\/trankhoi.net\/wp-content\/uploads\/2025\/05\/cay-dua-227x300.png 227w, https:\/\/trankhoi.net\/wp-content\/uploads\/2025\/05\/cay-dua-768x1016.png 768w, https:\/\/trankhoi.net\/wp-content\/uploads\/2025\/05\/cay-dua-9x12.png 9w, https:\/\/trankhoi.net\/wp-content\/uploads\/2025\/05\/cay-dua-300x397.png 300w, https:\/\/trankhoi.net\/wp-content\/uploads\/2025\/05\/cay-dua-600x794.png 600w, https:\/\/trankhoi.net\/wp-content\/uploads\/2025\/05\/cay-dua.png 965w\" sizes=\"auto, (max-width: 774px) 100vw, 774px\" \/>\t\t\t\t\t\t\n\t\t\t\t\t<\/div>\n\t\t<\/div>\t\t\t\t\t\t\n<style>\n#image_1072487138 {\n  width: 100%;\n}\n<\/style>\n\t<\/div>\n\t\n\t\t<\/div>\n\t\t\t\t\t<\/div>\n\n\t\n\n\t<div id=\"col-435041240\" class=\"col medium-6 small-12 large-6\"  >\n\t\t\t\t<div class=\"col-inner\"  >\n\t\t\t\n\t\t\t\n\t<div class=\"img has-hover x md-x lg-x y md-y lg-y\" id=\"image_207732916\">\n\t\t\t\t\t\t\t\t<div class=\"img-inner dark\" >\n\t\t\t\t\t\t\t\t\t\n\t\t\t\t\t<\/div>\n\t\t\t\t\t\t\t\t\n<style>\n#image_207732916 {\n  width: 100%;\n}\n<\/style>\n\t<\/div>\n\t\n\t<div class=\"img has-hover x md-x lg-x y md-y lg-y\" id=\"image_276759710\">\n\t\t\t\t\t\t<div data-animate=\"bounceInDown\">\t\t<div class=\"img-inner dark\" style=\"margin:30px 0px 0px 0px;\">\n\t\t\t<img loading=\"lazy\" decoding=\"async\" width=\"878\" height=\"103\" src=\"https:\/\/trankhoi.net\/wp-content\/uploads\/2025\/05\/Nong-trai-cua-chung-toi.png\" class=\"attachment-large size-large\" alt=\"ch\u1eef n\u00f4ng tr\u1ea1i\" srcset=\"https:\/\/trankhoi.net\/wp-content\/uploads\/2025\/05\/Nong-trai-cua-chung-toi.png 878w, https:\/\/trankhoi.net\/wp-content\/uploads\/2025\/05\/Nong-trai-cua-chung-toi-300x35.png 300w, https:\/\/trankhoi.net\/wp-content\/uploads\/2025\/05\/Nong-trai-cua-chung-toi-768x90.png 768w, https:\/\/trankhoi.net\/wp-content\/uploads\/2025\/05\/Nong-trai-cua-chung-toi-18x2.png 18w, https:\/\/trankhoi.net\/wp-content\/uploads\/2025\/05\/Nong-trai-cua-chung-toi-600x70.png 600w\" sizes=\"auto, (max-width: 878px) 100vw, 878px\" \/>\t\t\t\t\t\t\n\t\t\t\t\t<\/div>\n\t\t<\/div>\t\t\t\t\t\t\n<style>\n#image_276759710 {\n  width: 100%;\n}\n<\/style>\n\t<\/div>\n\t\n\t<div id=\"text-2421755496\" class=\"text\">\n\t\t\n<h1><strong>Ngu\u1ed3n g\u1ed1c c\u1ee7a h\u01b0\u01a1ng v\u1ecb <\/strong><\/h1>\n<h1><strong>th\u01a1m ngon nh\u1ea5t<\/strong><\/h1>\n\t\t\n<style>\n#text-2421755496 {\n  font-size: 1.5rem;\n}\n<\/style>\n\t<\/div>\n\t\n\t<div id=\"text-242218597\" class=\"text\">\n\t\t\n<h2><strong>D\u1eeba th\u01a1m n\u1ee9c m\u00f9i l\u00e1 d\u1ee9a <\/strong><\/h2>\n<h2><strong>Ch\u1ec9 c\u00f3 t\u1ea1i B\u1ebfn Tre<\/strong><\/h2>\n\t\t\n<style>\n#text-242218597 {\n  font-size: 1.3rem;\n}\n<\/style>\n\t<\/div>\n\t\n\t<div id=\"text-2814357112\" class=\"text\">\n\t\t\n<p style=\"text-align: left;\">SOMEKCO t\u1ef1 h\u00e0o c\u00f3 m\u1eb7t t\u1ea1i t\u1ec9nh B\u1ebfn Tre, Vi\u1ec7t Nam\u2014n\u01a1i n\u1ed5i ti\u1ebfng v\u1edbi nh\u1eefng tr\u00e1i d\u1eeba th\u01a1m ngon, t\u1ef1 nhi\u00ean mang h\u01b0\u01a1ng v\u1ecb l\u00e1 d\u1ee9a \u0111\u1eb7c tr\u01b0ng. T\u1ecda l\u1ea1c trong v\u00f9ng \u0111\u1ed3ng b\u1eb1ng s\u00f4ng C\u1eedu Long, B\u1ebfn Tre \u0111\u01b0\u1ee3c nu\u00f4i\u2028d\u01b0\u1ee1ng b\u1edfi l\u1edbp ph\u00f9 sa m\u00e0u m\u1ee1 t\u1eeb s\u00f4ng Mekong, c\u00f9ng v\u1edbi \u00e1nh s\u00e1ng m\u1eb7t tr\u1eddi r\u1ef1c r\u1ee1 quanh n\u0103m v\u00e0 kh\u00ed h\u1eadu nhi\u1ec7t \u0111\u1edbi l\u00fd t\u01b0\u1edfng. Nh\u1eefng \u0111i\u1ec1u ki\u1ec7n ho\u00e0n h\u1ea3o n\u00e0y t\u1ea1o n\u00ean nh\u1eefng v\u01b0\u1eddn d\u1eeba xanh t\u01b0\u01a1i, cho ra nh\u1eefng tr\u00e1i d\u1eeba ng\u1ecdt ng\u00e0o v\u00e0 th\u01a1m ph\u1ee9c v\u1edbi ch\u1ea5t l\u01b0\u1ee3ng xu\u1ea5t s\u1eafc. V\u1edbi h\u01a1n 72,000 hecta \u0111\u1ed3n \u0111i\u1ec1n d\u1eeba, B\u1ebfn Tre t\u1ef1 h\u00e0o \u0111\u01b0\u1ee3c m\u1ec7nh danh l\u00e0 \u201cV\u00f9ng \u0111\u1ea5t c\u1ee7a d\u1eeba.\u201d<br \/>\n\t\t\n<style>\n#text-2814357112 {\n  font-size: 1.3rem;\n  color: rgb(0,0,0);\n}\n#text-2814357112 > * {\n  color: rgb(0,0,0);\n}\n<\/style>\n\t<\/div>\n\t\n\t\t<\/div>\n\t\t\t\t\t<\/div>\n\n\t\n<\/div>\n<div class=\"row\"  id=\"row-1102132695\">\n\n\t<div id=\"col-1140612402\" class=\"col medium-6 small-12 large-6\"  >\n\t\t\t\t<div class=\"col-inner\"  >\n\t\t\t\n\t\t\t\n\t<div id=\"text-3346873286\" class=\"text\">\n\t\t\n<h1><strong>V\u00f9ng \u0110\u1ea5t N\u01a1i D\u1eeba\u2028<\/strong><\/h1>\n<h1><strong>Ph\u00e1t Tri\u1ec3n Th\u1ecbnh V\u01b0\u1ee3ng<\/strong><\/h1>\n\t\t\n<style>\n#text-3346873286 {\n  font-size: 1.3rem;\n}\n<\/style>\n\t<\/div>\n\t\n\t<div id=\"text-2221146403\" class=\"text\">\n\t\t\n<p>B\u1ebfn Tre t\u1ef1 h\u00e0o s\u1edf h\u1eefu khu v\u1ef1c tr\u1ed3ng d\u1eeba l\u1edbn nh\u1ea5t Vi\u1ec7t Nam v\u00e0 \u0111\u1ed3ng b\u1eb1ng s\u00f4ng C\u1eedu Long, cung c\u1ea5p c\u00e1c s\u1ea3n ph\u1ea9m d\u1eeba cao c\u1ea5p \u0111\u1ebfn h\u01a1n 90 qu\u1ed1c gia v\u00e0 v\u00f9ng l\u00e3nh th\u1ed5. T\u1ea1i \u0111\u00e2y, c\u00e2y d\u1eeba ph\u00e1t tri\u1ec3n \u0111\u1ebfn m\u1ee9c n\u00f4ng d\u00e2n th\u01b0\u1eddng c\u00f3 th\u1ec3 thu ho\u1ea1ch tr\u1ef1c ti\u1ebfp t\u1eeb m\u1eb7t \u0111\u1ea5t\u2014\u0111\u1ee9ng ho\u1eb7c ng\u1ed3i\u2014m\u00e0 kh\u00f4ng c\u1ea7n s\u1eed d\u1ee5ng thang cao.\u2028M\u00f4i tr\u01b0\u1eddng \u0111\u1ed9c \u0111\u00e1o n\u00e0y \u0111\u00e3 gi\u00fap B\u1ebfn Tre tr\u1edf th\u00e0nh khu v\u1ef1c d\u1eabn \u0111\u1ea7u t\u1ea1i Vi\u1ec7t Nam v\u1ec1 c\u00e1c s\u1ea3n ph\u1ea9m t\u1eeb d\u1eeba, gi\u1eef k\u1ef7 l\u1ee5c v\u1ec1 s\u1ed1 l\u01b0\u1ee3ng h\u00e0ng h\u00f3a ch\u1ebf bi\u1ebfn t\u1eeb d\u1eeba.<br \/>\n\t\t\n<style>\n#text-2221146403 {\n  font-size: 1.3rem;\n}\n<\/style>\n\t<\/div>\n\t\n\t\t<\/div>\n\t\t\t\t\t<\/div>\n\n\t\n\n\t<div id=\"col-1272628307\" class=\"col medium-6 small-12 large-6\"  >\n\t\t\t\t<div class=\"col-inner\"  >\n\t\t\t\n\t\t\t\n\t<div class=\"img has-hover x md-x lg-x y md-y lg-y\" id=\"image_1238955726\">\n\t\t\t\t\t\t<div data-animate=\"fadeInRight\">\t\t<div class=\"img-inner dark\" >\n\t\t\t<img loading=\"lazy\" decoding=\"async\" width=\"1015\" height=\"790\" src=\"https:\/\/trankhoi.net\/wp-content\/uploads\/2025\/05\/cay-dua-2.png\" class=\"attachment-large size-large\" alt=\"tr\u00e1i v\u00e0 c\u00e2y d\u1eeba 2\" srcset=\"https:\/\/trankhoi.net\/wp-content\/uploads\/2025\/05\/cay-dua-2.png 1015w, https:\/\/trankhoi.net\/wp-content\/uploads\/2025\/05\/cay-dua-2-300x233.png 300w, https:\/\/trankhoi.net\/wp-content\/uploads\/2025\/05\/cay-dua-2-768x598.png 768w, https:\/\/trankhoi.net\/wp-content\/uploads\/2025\/05\/cay-dua-2-15x12.png 15w, https:\/\/trankhoi.net\/wp-content\/uploads\/2025\/05\/cay-dua-2-600x467.png 600w\" sizes=\"auto, (max-width: 1015px) 100vw, 1015px\" \/>\t\t\t\t\t\t\n\t\t\t\t\t<\/div>\n\t\t<\/div>\t\t\t\t\t\t\n<style>\n#image_1238955726 {\n  width: 100%;\n}\n<\/style>\n\t<\/div>\n\t\n\t\t<\/div>\n\t\t\t\t\t<\/div>\n\n\t\n<\/div>\n\t\t<\/div>\n\n\t\t\n<style>\n#section_1334035202 {\n  padding-top: 30px;\n  padding-bottom: 30px;\n}\n#section_1334035202 .section-bg.bg-loaded {\n  background-image: url(https:\/\/trankhoi.net\/wp-content\/uploads\/2025\/05\/bg-1-min-1094x2048.png);\n}\n#section_1334035202 .section-bg {\n  background-position: 51% 100%;\n}\n#section_1334035202 .ux-shape-divider--top svg {\n  height: 150px;\n  --divider-top-width: 100%;\n}\n#section_1334035202 .ux-shape-divider--bottom svg {\n  height: 150px;\n  --divider-width: 100%;\n}\n<\/style>\n\t<\/section>\n\t\n\t<section class=\"section\" id=\"section_553314306\">\n\t\t<div class=\"bg section-bg fill bg-fill\" >\n\n\t\t\t\n\t\t\t\n\t\t\t\n\n\t\t<\/div>\n\n\t\t\n\n\t\t<div class=\"section-content relative\">\n\t\t\t\n\t<div id=\"text-2046888015\" class=\"text\">\n\t\t\n<h1 style=\"text-align: center;\"><strong>N\u00f4ng Nghi\u1ec7p T\u00e1i T\u1ea1o\u2028&amp; <\/strong><\/h1>\n<h1 style=\"text-align: center;\"><strong>Canh T\u00e1c B\u1ec1n V\u1eefng<\/strong><\/h1>\n\t\t\n<style>\n#text-2046888015 {\n  font-size: 1.3rem;\n}\n<\/style>\n\t<\/div>\n\t\n<div class=\"row\"  id=\"row-132531689\">\n\n\t<div id=\"col-490894347\" class=\"col medium-2 small-12 large-2\"  >\n\t\t\t\t<div class=\"col-inner\"  >\n\t\t\t\n\t\t\t\n\t\t<\/div>\n\t\t\t\t\t<\/div>\n\n\t\n\n\t<div id=\"col-1296230135\" class=\"col medium-8 small-12 large-8\"  >\n\t\t\t\t<div class=\"col-inner\"  >\n\t\t\t\n\t\t\t\n\t<div id=\"text-1239247252\" class=\"text\">\n\t\t\n<p style=\"text-align: center;\">T\u1ea1i SOMEKCO, ch\u00fang t\u00f4i cam k\u1ebft th\u1ef1c hi\u1ec7n n\u00f4ng nghi\u1ec7p t\u00e1i t\u1ea1o th\u00f4ng qua c\u00e1c ph\u01b0\u01a1ng ph\u00e1p canh t\u00e1c t\u00edch h\u1ee3p, gi\u1ea3m thi\u1ec3u t\u00e1c \u0111\u1ed9ng \u0111\u1ebfn m\u00f4i tr\u01b0\u1eddng trong khi th\u00fac \u0111\u1ea9y t\u00ednh b\u1ec1n v\u1eefng.<\/p>\n\t\t\n<style>\n#text-1239247252 {\n  font-size: 1.3rem;\n}\n<\/style>\n\t<\/div>\n\t\n\t\t<\/div>\n\t\t\t\t\t<\/div>\n\n\t\n\n\t<div id=\"col-521516963\" class=\"col medium-2 small-12 large-2\"  >\n\t\t\t\t<div class=\"col-inner\"  >\n\t\t\t\n\t\t\t\n\t\t<\/div>\n\t\t\t\t\t<\/div>\n\n\t\n<\/div>\n<div class=\"row\"  id=\"row-1531349403\">\n\n\t<div id=\"col-764813570\" class=\"col medium-6 small-12 large-6\"  >\n\t\t\t\t<div class=\"col-inner\"  >\n\t\t\t\n\t\t\t\n\t<div class=\"img has-hover x md-x lg-x y md-y lg-y\" id=\"image_455537800\">\n\t\t\t\t\t\t<div data-animate=\"bounceInUp\">\t\t<div class=\"img-inner dark\" >\n\t\t\t<img loading=\"lazy\" decoding=\"async\" width=\"1020\" height=\"724\" src=\"https:\/\/trankhoi.net\/wp-content\/uploads\/2025\/05\/hecta-dua-1-2-1024x727.png\" class=\"attachment-large size-large\" alt=\"hecta d\u1eeba\" srcset=\"https:\/\/trankhoi.net\/wp-content\/uploads\/2025\/05\/hecta-dua-1-2-1024x727.png 1024w, https:\/\/trankhoi.net\/wp-content\/uploads\/2025\/05\/hecta-dua-1-2-300x213.png 300w, https:\/\/trankhoi.net\/wp-content\/uploads\/2025\/05\/hecta-dua-1-2-768x545.png 768w, https:\/\/trankhoi.net\/wp-content\/uploads\/2025\/05\/hecta-dua-1-2-600x426.png 600w, https:\/\/trankhoi.net\/wp-content\/uploads\/2025\/05\/hecta-dua-1-2.png 1358w\" sizes=\"auto, (max-width: 1020px) 100vw, 1020px\" \/>\t\t\t\t\t\t\n\t\t\t\t\t<\/div>\n\t\t<\/div>\t\t\t\t\t\t\n<style>\n#image_455537800 {\n  width: 100%;\n}\n<\/style>\n\t<\/div>\n\t\n\t<div id=\"text-2465320973\" class=\"text\">\n\t\t\n<p style=\"text-align: center;\">Ch\u00fang t\u00f4i \u0111\u00e3 \u0111\u0103ng k\u00fd h\u01a1n 2,650 hecta \u0111\u1ea5t tr\u1ed3ng d\u1eeba v\u1edbi c\u00e1c m\u00e3 v\u00f9ng ch\u00ednh th\u1ee9c, \u0111\u1ea3m b\u1ea3o kh\u1ea3 n\u0103ng truy xu\u1ea5t ngu\u1ed3n g\u1ed1c \u0111\u1ea7y \u0111\u1ee7.<\/p>\n\t\t\n<style>\n#text-2465320973 {\n  font-size: 1.2rem;\n}\n<\/style>\n\t<\/div>\n\t\n\t\t<\/div>\n\t\t\t\t\t<\/div>\n\n\t\n\n\t<div id=\"col-935288283\" class=\"col medium-6 small-12 large-6\"  >\n\t\t\t\t<div class=\"col-inner\"  >\n\t\t\t\n\t\t\t\n\t<div class=\"img has-hover x md-x lg-x y md-y lg-y\" id=\"image_1994364289\">\n\t\t\t\t\t\t<div data-animate=\"bounceInUp\">\t\t<div class=\"img-inner dark\" >\n\t\t\t<img loading=\"lazy\" decoding=\"async\" width=\"899\" height=\"778\" src=\"https:\/\/trankhoi.net\/wp-content\/uploads\/2025\/05\/cay-dua-1.png\" class=\"attachment-large size-large\" alt=\"minh h\u1ecda c\u00e2y d\u1eeba\" srcset=\"https:\/\/trankhoi.net\/wp-content\/uploads\/2025\/05\/cay-dua-1.png 899w, https:\/\/trankhoi.net\/wp-content\/uploads\/2025\/05\/cay-dua-1-300x260.png 300w, https:\/\/trankhoi.net\/wp-content\/uploads\/2025\/05\/cay-dua-1-768x665.png 768w, https:\/\/trankhoi.net\/wp-content\/uploads\/2025\/05\/cay-dua-1-600x519.png 600w\" sizes=\"auto, (max-width: 899px) 100vw, 899px\" \/>\t\t\t\t\t\t\n\t\t\t\t\t<\/div>\n\t\t<\/div>\t\t\t\t\t\t\n<style>\n#image_1994364289 {\n  width: 90%;\n}\n<\/style>\n\t<\/div>\n\t\n<div class=\"row\"  id=\"row-1665461718\">\n\n\t<div id=\"col-259647123\" class=\"col medium-6 small-12 large-6\"  >\n\t\t\t\t<div class=\"col-inner\"  >\n\t\t\t\n\t\t\t\n\t<div id=\"text-185624042\" class=\"text\">\n\t\t\n<h1><strong>Nguy\u00ean Ch\u1ea5t<\/strong><\/h1>\n\t\t\n<style>\n#text-185624042 {\n  font-size: 1.3rem;\n  text-align: right;\n}\n<\/style>\n\t<\/div>\n\t\n\t\t<\/div>\n\t\t\t\t\t<\/div>\n\n\t\n\n\t<div id=\"col-1965660554\" class=\"col medium-6 small-12 large-6\"  >\n\t\t\t\t<div class=\"col-inner\"  >\n\t\t\t\n\t\t\t\n\t\t<\/div>\n\t\t\t\t\t<\/div>\n\n\t\n<\/div>\n\t\t<\/div>\n\t\t\t\t\t<\/div>\n\n\t\n<\/div>\n<div class=\"row\"  id=\"row-504324471\">\n\n\t<div id=\"col-1936271497\" class=\"col medium-6 small-12 large-6\"  >\n\t\t\t\t<div class=\"col-inner\"  >\n\t\t\t\n\t\t\t\n\t<div class=\"img has-hover x md-x lg-x y md-y lg-y\" id=\"image_145905797\">\n\t\t\t\t\t\t<div data-animate=\"bounceInUp\">\t\t<div class=\"img-inner dark\" >\n\t\t\t<img loading=\"lazy\" decoding=\"async\" width=\"658\" height=\"549\" src=\"https:\/\/trankhoi.net\/wp-content\/uploads\/2025\/05\/dua-tuoi-1.png\" class=\"attachment-large size-large\" alt=\"d\u1eeba t\u01b0\u01a1i\" srcset=\"https:\/\/trankhoi.net\/wp-content\/uploads\/2025\/05\/dua-tuoi-1.png 658w, https:\/\/trankhoi.net\/wp-content\/uploads\/2025\/05\/dua-tuoi-1-300x250.png 300w, https:\/\/trankhoi.net\/wp-content\/uploads\/2025\/05\/dua-tuoi-1-14x12.png 14w, https:\/\/trankhoi.net\/wp-content\/uploads\/2025\/05\/dua-tuoi-1-600x501.png 600w\" sizes=\"auto, (max-width: 658px) 100vw, 658px\" \/>\t\t\t\t\t\t\n\t\t\t\t\t<\/div>\n\t\t<\/div>\t\t\t\t\t\t\n<style>\n#image_145905797 {\n  width: 86%;\n}\n<\/style>\n\t<\/div>\n\t\n<div class=\"row\"  id=\"row-41997069\">\n\n\t<div id=\"col-759829360\" class=\"col medium-6 small-12 large-6\"  >\n\t\t\t\t<div class=\"col-inner\"  >\n\t\t\t\n\t\t\t\n\t\t<\/div>\n\t\t\t\t\t<\/div>\n\n\t\n\n\t<div id=\"col-1041789118\" class=\"col medium-6 small-12 large-6\"  >\n\t\t\t\t<div class=\"col-inner\"  >\n\t\t\t\n\t\t\t\n\t<div id=\"text-3251730986\" class=\"text\">\n\t\t\n<h2><strong>Th\u01a1m Ngon<\/strong><\/h2>\n\t\t\n<style>\n#text-3251730986 {\n  font-size: 1.3rem;\n}\n<\/style>\n\t<\/div>\n\t\n\t\t<\/div>\n\t\t\t\t\t<\/div>\n\n\t\n<\/div>\n\t\t<\/div>\n\t\t\t\t\t<\/div>\n\n\t\n\n\t<div id=\"col-101917565\" class=\"col medium-6 small-12 large-6\"  >\n\t\t\t\t<div class=\"col-inner\"  >\n\t\t\t\n\t\t\t\n\t<div class=\"img has-hover x md-x lg-x y md-y lg-y\" id=\"image_220986502\">\n\t\t\t\t\t\t<div data-animate=\"bounceInUp\">\t\t<div class=\"img-inner dark\" >\n\t\t\t<img loading=\"lazy\" decoding=\"async\" width=\"683\" height=\"455\" src=\"https:\/\/trankhoi.net\/wp-content\/uploads\/2025\/05\/trai-dua-xanh.png\" class=\"attachment-large size-large\" alt=\"tr\u00e1i d\u1eeba xanh\" srcset=\"https:\/\/trankhoi.net\/wp-content\/uploads\/2025\/05\/trai-dua-xanh.png 683w, https:\/\/trankhoi.net\/wp-content\/uploads\/2025\/05\/trai-dua-xanh-300x200.png 300w, https:\/\/trankhoi.net\/wp-content\/uploads\/2025\/05\/trai-dua-xanh-600x400.png 600w\" sizes=\"auto, (max-width: 683px) 100vw, 683px\" \/>\t\t\t\t\t\t\n\t\t\t\t\t<\/div>\n\t\t<\/div>\t\t\t\t\t\t\n<style>\n#image_220986502 {\n  width: 100%;\n}\n<\/style>\n\t<\/div>\n\t\n\t<div id=\"text-494139661\" class=\"text\">\n\t\t\n<p style=\"text-align: center;\">T\u1eeb vi\u1ec7c l\u1ef1a ch\u1ecdn c\u00e2y gi\u1ed1ng \u0111\u1ebfn c\u00e1c cu\u1ed9c ki\u1ec3m tra tu\u00e2n th\u1ee7, m\u1ed7i b\u01b0\u1edbc trong quy tr\u00ecnh canh t\u00e1c \u0111\u1ec1u \u0111\u01b0\u1ee3c qu\u1ea3n l\u00fd c\u1ea9n th\u1eadn \u0111\u1ec3 duy tr\u00ec ti\u00eau chu\u1ea9n ch\u1ea5t l\u01b0\u1ee3ng cao nh\u1ea5t.<\/p>\n\t\t\n<style>\n#text-494139661 {\n  font-size: 1.2rem;\n}\n<\/style>\n\t<\/div>\n\t\n\t\t<\/div>\n\t\t\t\t\t<\/div>\n\n\t\n<\/div>\n<div class=\"row\"  id=\"row-388001899\">\n\n\t<div id=\"col-1511028348\" class=\"col medium-6 small-12 large-6\"  >\n\t\t\t\t<div class=\"col-inner\"  >\n\t\t\t\n\t\t\t\n\t<div class=\"img has-hover x md-x lg-x y md-y lg-y\" id=\"image_451164017\">\n\t\t\t\t\t\t<div data-animate=\"bounceInUp\">\t\t<div class=\"img-inner dark\" >\n\t\t\t<img loading=\"lazy\" decoding=\"async\" width=\"666\" height=\"467\" src=\"https:\/\/trankhoi.net\/wp-content\/uploads\/2025\/05\/img7182-1603896938322-16038969397361774314111-1.png\" class=\"attachment-large size-large\" alt=\"d\u00e2n \u0111\u1ecba ph\u01b0\u01a1ng\" srcset=\"https:\/\/trankhoi.net\/wp-content\/uploads\/2025\/05\/img7182-1603896938322-16038969397361774314111-1.png 666w, https:\/\/trankhoi.net\/wp-content\/uploads\/2025\/05\/img7182-1603896938322-16038969397361774314111-1-300x210.png 300w, https:\/\/trankhoi.net\/wp-content\/uploads\/2025\/05\/img7182-1603896938322-16038969397361774314111-1-600x421.png 600w\" sizes=\"auto, (max-width: 666px) 100vw, 666px\" \/>\t\t\t\t\t\t\n\t\t\t\t\t<\/div>\n\t\t<\/div>\t\t\t\t\t\t\n<style>\n#image_451164017 {\n  width: 100%;\n}\n<\/style>\n\t<\/div>\n\t\n\t<div id=\"text-2864106497\" class=\"text\">\n\t\t\n<p style=\"text-align: center;\">V\u1edbi s\u1ef1 h\u1ed7 tr\u1ee3 c\u1ee7a c\u00e1c n\u00f4ng d\u00e2n \u0111\u1ecba ph\u01b0\u01a1ng\u2014nhi\u1ec1u ng\u01b0\u1eddi trong s\u1ed1 h\u1ecd \u0111\u00e3 canh t\u00e1c d\u1eeba qua nhi\u1ec1u th\u1ebf h\u1ec7\u2014ch\u00fang t\u00f4i duy tr\u00ec c\u00e1c ti\u00eau chu\u1ea9n n\u00f4ng nghi\u1ec7p nghi\u00eam ng\u1eb7t, bao g\u1ed3m ch\u1ee9ng nh\u1eadn GAP v\u00e0 GlobalGAP.<\/p>\n\t\t\n<style>\n#text-2864106497 {\n  font-size: 1.2rem;\n}\n<\/style>\n\t<\/div>\n\t\n\t\t<\/div>\n\t\t\t\t\t<\/div>\n\n\t\n\n\t<div id=\"col-713675449\" class=\"col medium-6 small-12 large-6\"  >\n\t\t\t\t<div class=\"col-inner\"  >\n\t\t\t\n\t\t\t\n<div class=\"row\"  id=\"row-1802318276\">\n\n\t<div id=\"col-2106424018\" class=\"col medium-2 small-12 large-2\"  >\n\t\t\t\t<div class=\"col-inner\"  >\n\t\t\t\n\t\t\t\n\t\t<\/div>\n\t\t\t\t\t<\/div>\n\n\t\n\n\t<div id=\"col-273615517\" class=\"col medium-8 small-12 large-8\"  >\n\t\t\t\t<div class=\"col-inner\"  >\n\t\t\t\n\t\t\t\n\t<div class=\"img has-hover x md-x lg-x y md-y lg-y\" id=\"image_715582629\">\n\t\t\t\t\t\t<div data-animate=\"bounceInUp\">\t\t<div class=\"img-inner dark\" >\n\t\t\t<img loading=\"lazy\" decoding=\"async\" width=\"436\" height=\"600\" src=\"https:\/\/trankhoi.net\/wp-content\/uploads\/2025\/05\/medal-1-1.png\" class=\"attachment-large size-large\" alt=\"huy ch\u01b0\u01a1ng\" srcset=\"https:\/\/trankhoi.net\/wp-content\/uploads\/2025\/05\/medal-1-1.png 436w, https:\/\/trankhoi.net\/wp-content\/uploads\/2025\/05\/medal-1-1-218x300.png 218w, https:\/\/trankhoi.net\/wp-content\/uploads\/2025\/05\/medal-1-1-9x12.png 9w, https:\/\/trankhoi.net\/wp-content\/uploads\/2025\/05\/medal-1-1-300x413.png 300w\" sizes=\"auto, (max-width: 436px) 100vw, 436px\" \/>\t\t\t\t\t\t\n\t\t\t\t\t<\/div>\n\t\t<\/div>\t\t\t\t\t\t\n<style>\n#image_715582629 {\n  width: 79%;\n}\n<\/style>\n\t<\/div>\n\t\n\t\t<\/div>\n\t\t\t\t\t<\/div>\n\n\t\n\n\t<div id=\"col-410783399\" class=\"col medium-2 small-12 large-2\"  >\n\t\t\t\t<div class=\"col-inner\"  >\n\t\t\t\n\t\t\t\n\t\t<\/div>\n\t\t\t\t\t<\/div>\n\n\t\n<\/div>\n<div class=\"row\"  id=\"row-571625895\">\n\n\t<div id=\"col-1328142749\" class=\"col medium-6 small-12 large-6\"  >\n\t\t\t\t<div class=\"col-inner\"  >\n\t\t\t\n\t\t\t\n\t<div id=\"text-2680930777\" class=\"text\">\n\t\t\n<h2 style=\"text-align: right;\"><strong>\u0110\u1ea1t Chu\u1ea9n<\/strong><\/h2>\n\t\t\n<style>\n#text-2680930777 {\n  font-size: 1.3rem;\n}\n<\/style>\n\t<\/div>\n\t\n\t\t<\/div>\n\t\t\t\t\t<\/div>\n\n\t\n\n\t<div id=\"col-1288386098\" class=\"col medium-6 small-12 large-6\"  >\n\t\t\t\t<div class=\"col-inner\"  >\n\t\t\t\n\t\t\t\n\t\t<\/div>\n\t\t\t\t\t<\/div>\n\n\t\n<\/div>\n\t\t<\/div>\n\t\t\t\t\t<\/div>\n\n\t\n<\/div>\n\t\t<\/div>\n\n\t\t\n<style>\n#section_553314306 {\n  padding-top: 30px;\n  padding-bottom: 30px;\n}\n#section_553314306 .section-bg.bg-loaded {\n  background-image: url(https:\/\/trankhoi.net\/wp-content\/uploads\/2025\/05\/bg-2-min-960x2048.png);\n}\n#section_553314306 .section-bg {\n  background-position: 100% 21%;\n}\n#section_553314306 .ux-shape-divider--top svg {\n  height: 150px;\n  --divider-top-width: 100%;\n}\n#section_553314306 .ux-shape-divider--bottom svg {\n  height: 150px;\n  --divider-width: 100%;\n}\n<\/style>\n\t<\/section>","protected":false},"excerpt":{"rendered":"","protected":false},"author":2,"featured_media":0,"parent":0,"menu_order":0,"comment_status":"closed","ping_status":"closed","template":"page-blank.php","meta":{"footnotes":""},"class_list":["post-1365","page","type-page","status-publish","hentry"],"yoast_head":"<!-- This site is optimized with the Yoast SEO plugin v25.0 - https:\/\/yoast.com\/wordpress\/plugins\/seo\/ -->\n<title>N\u00f4ng tr\u1ea1i - SOMEKCO<\/title>\n<meta name=\"robots\" content=\"noindex, follow, max-snippet:-1, max-image-preview:large, max-video-preview:-1\" \/>\n<meta property=\"og:locale\" content=\"en_US\" \/>\n<meta property=\"og:type\" content=\"article\" \/>\n<meta property=\"og:title\" content=\"N\u00f4ng tr\u1ea1i - SOMEKCO\" \/>\n<meta property=\"og:url\" content=\"https:\/\/trankhoi.net\/en\/trang-trai-2\/\" \/>\n<meta property=\"og:site_name\" content=\"SOMEKCO\" \/>\n<meta property=\"article:modified_time\" content=\"2025-05-08T04:05:56+00:00\" \/>\n<meta name=\"twitter:card\" content=\"summary_large_image\" \/>\n<meta name=\"twitter:label1\" content=\"Est. reading time\" \/>\n\t<meta name=\"twitter:data1\" content=\"2 minutes\" \/>\n<script type=\"application\/ld+json\" class=\"yoast-schema-graph\">{\"@context\":\"https:\/\/schema.org\",\"@graph\":[{\"@type\":\"WebPage\",\"@id\":\"https:\/\/trankhoi.net\/trang-trai-2\/\",\"url\":\"https:\/\/trankhoi.net\/trang-trai-2\/\",\"name\":\"N\u00f4ng tr\u1ea1i - SOMEKCO\",\"isPartOf\":{\"@id\":\"https:\/\/trankhoi.net\/#website\"},\"datePublished\":\"2025-05-06T09:11:16+00:00\",\"dateModified\":\"2025-05-08T04:05:56+00:00\",\"breadcrumb\":{\"@id\":\"https:\/\/trankhoi.net\/trang-trai-2\/#breadcrumb\"},\"inLanguage\":\"en-US\",\"potentialAction\":[{\"@type\":\"ReadAction\",\"target\":[\"https:\/\/trankhoi.net\/trang-trai-2\/\"]}]},{\"@type\":\"BreadcrumbList\",\"@id\":\"https:\/\/trankhoi.net\/trang-trai-2\/#breadcrumb\",\"itemListElement\":[{\"@type\":\"ListItem\",\"position\":1,\"name\":\"Trang ch\u1ee7\",\"item\":\"https:\/\/trankhoi.net\/\"},{\"@type\":\"ListItem\",\"position\":2,\"name\":\"N\u00f4ng tr\u1ea1i\"}]},{\"@type\":\"WebSite\",\"@id\":\"https:\/\/trankhoi.net\/#website\",\"url\":\"https:\/\/trankhoi.net\/\",\"name\":\"SOMEKCO\",\"description\":\"C\u00f4ng ty xu\u1ea5t nh\u1eadp kh\u1ea9u s\u1ea3n ph\u1ea9m d\u1eeba b\u1ebfn tre\",\"potentialAction\":[{\"@type\":\"SearchAction\",\"target\":{\"@type\":\"EntryPoint\",\"urlTemplate\":\"https:\/\/trankhoi.net\/?s={search_term_string}\"},\"query-input\":{\"@type\":\"PropertyValueSpecification\",\"valueRequired\":true,\"valueName\":\"search_term_string\"}}],\"inLanguage\":\"en-US\"}]}<\/script>\n<!-- \/ Yoast SEO plugin. -->","yoast_head_json":{"title":"N\u00f4ng tr\u1ea1i - SOMEKCO","robots":{"index":"noindex","follow":"follow","max-snippet":"max-snippet:-1","max-image-preview":"max-image-preview:large","max-video-preview":"max-video-preview:-1"},"og_locale":"en_US","og_type":"article","og_title":"N\u00f4ng tr\u1ea1i - SOMEKCO","og_url":"https:\/\/trankhoi.net\/en\/trang-trai-2\/","og_site_name":"SOMEKCO","article_modified_time":"2025-05-08T04:05:56+00:00","twitter_card":"summary_large_image","twitter_misc":{"Est. reading time":"2 minutes"},"schema":{"@context":"https:\/\/schema.org","@graph":[{"@type":"WebPage","@id":"https:\/\/trankhoi.net\/trang-trai-2\/","url":"https:\/\/trankhoi.net\/trang-trai-2\/","name":"N\u00f4ng tr\u1ea1i - SOMEKCO","isPartOf":{"@id":"https:\/\/trankhoi.net\/#website"},"datePublished":"2025-05-06T09:11:16+00:00","dateModified":"2025-05-08T04:05:56+00:00","breadcrumb":{"@id":"https:\/\/trankhoi.net\/trang-trai-2\/#breadcrumb"},"inLanguage":"en-US","potentialAction":[{"@type":"ReadAction","target":["https:\/\/trankhoi.net\/trang-trai-2\/"]}]},{"@type":"BreadcrumbList","@id":"https:\/\/trankhoi.net\/trang-trai-2\/#breadcrumb","itemListElement":[{"@type":"ListItem","position":1,"name":"Trang ch\u1ee7","item":"https:\/\/trankhoi.net\/"},{"@type":"ListItem","position":2,"name":"N\u00f4ng tr\u1ea1i"}]},{"@type":"WebSite","@id":"https:\/\/trankhoi.net\/#website","url":"https:\/\/trankhoi.net\/","name":"SOMEKCO","description":"C\u00f4ng ty xu\u1ea5t nh\u1eadp kh\u1ea9u s\u1ea3n ph\u1ea9m d\u1eeba b\u1ebfn tre","potentialAction":[{"@type":"SearchAction","target":{"@type":"EntryPoint","urlTemplate":"https:\/\/trankhoi.net\/?s={search_term_string}"},"query-input":{"@type":"PropertyValueSpecification","valueRequired":true,"valueName":"search_term_string"}}],"inLanguage":"en-US"}]}},"_links":{"self":[{"href":"https:\/\/trankhoi.net\/en\/wp-json\/wp\/v2\/pages\/1365","targetHints":{"allow":["GET"]}}],"collection":[{"href":"https:\/\/trankhoi.net\/en\/wp-json\/wp\/v2\/pages"}],"about":[{"href":"https:\/\/trankhoi.net\/en\/wp-json\/wp\/v2\/types\/page"}],"author":[{"embeddable":true,"href":"https:\/\/trankhoi.net\/en\/wp-json\/wp\/v2\/users\/2"}],"replies":[{"embeddable":true,"href":"https:\/\/trankhoi.net\/en\/wp-json\/wp\/v2\/comments?post=1365"}],"version-history":[{"count":27,"href":"https:\/\/trankhoi.net\/en\/wp-json\/wp\/v2\/pages\/1365\/revisions"}],"predecessor-version":[{"id":1701,"href":"https:\/\/trankhoi.net\/en\/wp-json\/wp\/v2\/pages\/1365\/revisions\/1701"}],"wp:attachment":[{"href":"https:\/\/trankhoi.net\/en\/wp-json\/wp\/v2\/media?parent=1365"}],"curies":[{"name":"wp","href":"https:\/\/api.w.org\/{rel}","templated":true}]}}