{"id":1362,"date":"2025-05-06T09:10:44","date_gmt":"2025-05-06T09:10:44","guid":{"rendered":"https:\/\/trankhoi.net\/?page_id=1362"},"modified":"2025-05-08T15:13:37","modified_gmt":"2025-05-08T08:13:37","slug":"chung-nhan-tieu-chuan","status":"publish","type":"page","link":"https:\/\/trankhoi.net\/en\/chung-nhan-tieu-chuan\/","title":{"rendered":"Ch\u1ee9ng nh\u1eadn, ti\u00eau chu\u1ea9n"},"content":{"rendered":"<section class=\"section\" id=\"section_1986827083\">\n\t\t<div class=\"bg section-bg fill bg-fill\" >\n\n\t\t\t\n\t\t\t\n\t\t\t\n\n\t\t<\/div>\n\n\t\t\n\n\t\t<div class=\"section-content relative\">\n\t\t\t\n<div class=\"row\"  id=\"row-1012939799\">\n\n\t<div id=\"col-29027611\" class=\"col medium-2 small-12 large-2\"  >\n\t\t\t\t<div class=\"col-inner\"  >\n\t\t\t\n\t\t\t\n\t\t<\/div>\n\t\t\t\t\t<\/div>\n\n\t\n\n\t<div id=\"col-59460176\" class=\"col medium-8 small-12 large-8\"  >\n\t\t\t\t<div class=\"col-inner\"  >\n\t\t\t\n\t\t\t\n\t<div class=\"img has-hover x md-x lg-x y md-y lg-y\" id=\"image_1636986121\">\n\t\t\t\t\t\t<div data-animate=\"bounceInDown\">\t\t<div class=\"img-inner dark\" >\n\t\t\t<img loading=\"lazy\" decoding=\"async\" width=\"1020\" height=\"108\" src=\"https:\/\/trankhoi.net\/wp-content\/uploads\/2025\/05\/chung-nhan-1024x108.png\" class=\"attachment-large size-large\" alt=\"ch\u1eef ch\u1ee9ng nh\u1eadn\" srcset=\"https:\/\/trankhoi.net\/wp-content\/uploads\/2025\/05\/chung-nhan-1024x108.png 1024w, https:\/\/trankhoi.net\/wp-content\/uploads\/2025\/05\/chung-nhan-300x32.png 300w, https:\/\/trankhoi.net\/wp-content\/uploads\/2025\/05\/chung-nhan-768x81.png 768w, https:\/\/trankhoi.net\/wp-content\/uploads\/2025\/05\/chung-nhan-18x2.png 18w, https:\/\/trankhoi.net\/wp-content\/uploads\/2025\/05\/chung-nhan-600x64.png 600w, https:\/\/trankhoi.net\/wp-content\/uploads\/2025\/05\/chung-nhan.png 1105w\" sizes=\"auto, (max-width: 1020px) 100vw, 1020px\" \/>\t\t\t\t\t\t\n\t\t\t\t\t<\/div>\n\t\t<\/div>\t\t\t\t\t\t\n<style>\n#image_1636986121 {\n  width: 100%;\n}\n<\/style>\n\t<\/div>\n\t\n\t\t<\/div>\n\t\t\t\t\t<\/div>\n\n\t\n\n\t<div id=\"col-1406978738\" class=\"col medium-2 small-12 large-2\"  >\n\t\t\t\t<div class=\"col-inner\"  >\n\t\t\t\n\t\t\t\n\t\t<\/div>\n\t\t\t\t\t<\/div>\n\n\t\n<\/div>\n<div class=\"row\"  id=\"row-1153940215\">\n\n\t<div id=\"col-47364009\" class=\"col medium-6 small-12 large-6\"  >\n\t\t\t\t<div class=\"col-inner\"  >\n\t\t\t\n\t\t\t\n\t<div id=\"text-2137621875\" class=\"text\">\n\t\t\n<p><strong>T\u1ea1i SOMEKCO, cam k\u1ebft c\u1ee7a ch\u00fang t\u00f4i \u0111\u1ed1i v\u1edbi ch\u1ea5t l\u01b0\u1ee3ng, s\u1ef1 b\u1ec1n v\u1eefng v\u00e0 s\u1ef1 xu\u1ea5t s\u1eafc th\u00fac \u0111\u1ea9y ch\u00fang t\u00f4i tu\u00e2n th\u1ee7 c\u00e1c ti\u00eau chu\u1ea9n to\u00e0n c\u1ea7u cao nh\u1ea5t trong m\u1ecdi b\u01b0\u1edbc c\u1ee7a quy tr\u00ecnh s\u1ea3n xu\u1ea5t. Ch\u00fang t\u00f4i t\u1ef1 h\u00e0o th\u00f4ng b\u00e1o r\u1eb1ng ch\u00fang t\u00f4i \u0111ang \u1edf giai \u0111o\u1ea1n cu\u1ed1i c\u00f9ng \u0111\u1ec3 \u0111\u1ea1t \u0111\u01b0\u1ee3c ch\u1ee9ng nh\u1eadn cho c\u00e1c ti\u00eau chu\u1ea9n qu\u1ed1c t\u1ebf \u0111\u01b0\u1ee3c c\u00f4ng nh\u1eadn sau \u0111\u00e2y:<\/strong><\/p>\n\t\t\n<style>\n#text-2137621875 {\n  font-size: 1.2rem;\n}\n<\/style>\n\t<\/div>\n\t\n\t<div class=\"img has-hover x md-x lg-x y md-y lg-y\" id=\"image_669681665\">\n\t\t\t\t\t\t<div data-animate=\"bounceInUp\">\t\t<div class=\"img-inner dark\" style=\"margin:50px 0px 0px 0px;\">\n\t\t\t<img loading=\"lazy\" decoding=\"async\" width=\"1020\" height=\"435\" src=\"https:\/\/trankhoi.net\/wp-content\/uploads\/2025\/05\/logo-chung-nhan-1024x437.png\" class=\"attachment-large size-large\" alt=\"logo ch\u1ee9ng nh\u1eadn\" srcset=\"https:\/\/trankhoi.net\/wp-content\/uploads\/2025\/05\/logo-chung-nhan-1024x437.png 1024w, https:\/\/trankhoi.net\/wp-content\/uploads\/2025\/05\/logo-chung-nhan-300x128.png 300w, https:\/\/trankhoi.net\/wp-content\/uploads\/2025\/05\/logo-chung-nhan-768x327.png 768w, https:\/\/trankhoi.net\/wp-content\/uploads\/2025\/05\/logo-chung-nhan-600x256.png 600w, https:\/\/trankhoi.net\/wp-content\/uploads\/2025\/05\/logo-chung-nhan.png 1309w\" sizes=\"auto, (max-width: 1020px) 100vw, 1020px\" \/>\t\t\t\t\t\t\n\t\t\t\t\t<\/div>\n\t\t<\/div>\t\t\t\t\t\t\n<style>\n#image_669681665 {\n  width: 100%;\n}\n<\/style>\n\t<\/div>\n\t\n\t\t<\/div>\n\t\t\t\t\t<\/div>\n\n\t\n\n\t<div id=\"col-729936725\" class=\"col medium-6 small-12 large-6\"  >\n\t\t\t\t<div class=\"col-inner\"  >\n\t\t\t\n\t\t\t\n\t<div class=\"img has-hover x md-x lg-x y md-y lg-y\" id=\"image_357481607\">\n\t\t\t\t\t\t<div data-animate=\"bounceInRight\">\t\t<div class=\"img-inner dark\" >\n\t\t\t<img loading=\"lazy\" decoding=\"async\" width=\"735\" height=\"1024\" src=\"https:\/\/trankhoi.net\/wp-content\/uploads\/2025\/05\/chung-nhan-735x1024.jpg\" class=\"attachment-large size-large\" alt=\"gi\u1ea5y ch\u1ee9ng nh\u1eadn\" srcset=\"https:\/\/trankhoi.net\/wp-content\/uploads\/2025\/05\/chung-nhan-735x1024.jpg 735w, https:\/\/trankhoi.net\/wp-content\/uploads\/2025\/05\/chung-nhan-215x300.jpg 215w, https:\/\/trankhoi.net\/wp-content\/uploads\/2025\/05\/chung-nhan-300x418.jpg 300w, https:\/\/trankhoi.net\/wp-content\/uploads\/2025\/05\/chung-nhan-600x836.jpg 600w, https:\/\/trankhoi.net\/wp-content\/uploads\/2025\/05\/chung-nhan.jpg 768w\" sizes=\"auto, (max-width: 735px) 100vw, 735px\" \/>\t\t\t\t\t\t\n\t\t\t\t\t<\/div>\n\t\t<\/div>\t\t\t\t\t\t\n<style>\n#image_357481607 {\n  width: 100%;\n}\n<\/style>\n\t<\/div>\n\t\n\t\t<\/div>\n\t\t\t\t\t<\/div>\n\n\t\n<\/div>\n\t\t<\/div>\n\n\t\t\n<style>\n#section_1986827083 {\n  padding-top: 30px;\n  padding-bottom: 30px;\n}\n#section_1986827083 .section-bg.bg-loaded {\n  background-image: url(https:\/\/trankhoi.net\/wp-content\/uploads\/2025\/05\/bg-3-min-1-scaled.png);\n}\n#section_1986827083 .section-bg {\n  background-position: 46% 7%;\n}\n#section_1986827083 .ux-shape-divider--top svg {\n  height: 150px;\n  --divider-top-width: 100%;\n}\n#section_1986827083 .ux-shape-divider--bottom svg {\n  height: 150px;\n  --divider-width: 100%;\n}\n<\/style>\n\t<\/section>","protected":false},"excerpt":{"rendered":"","protected":false},"author":2,"featured_media":0,"parent":0,"menu_order":0,"comment_status":"closed","ping_status":"closed","template":"page-blank.php","meta":{"footnotes":""},"class_list":["post-1362","page","type-page","status-publish","hentry"],"yoast_head":"<!-- This site is optimized with the Yoast SEO plugin v25.0 - https:\/\/yoast.com\/wordpress\/plugins\/seo\/ -->\n<title>Ch\u1ee9ng nh\u1eadn, ti\u00eau chu\u1ea9n - SOMEKCO<\/title>\n<meta name=\"robots\" content=\"noindex, follow, max-snippet:-1, max-image-preview:large, max-video-preview:-1\" \/>\n<meta property=\"og:locale\" content=\"en_US\" \/>\n<meta property=\"og:type\" content=\"article\" \/>\n<meta property=\"og:title\" content=\"Ch\u1ee9ng nh\u1eadn, ti\u00eau chu\u1ea9n - SOMEKCO\" \/>\n<meta property=\"og:url\" content=\"https:\/\/trankhoi.net\/en\/chung-nhan-tieu-chuan\/\" \/>\n<meta property=\"og:site_name\" content=\"SOMEKCO\" \/>\n<meta property=\"article:modified_time\" content=\"2025-05-08T08:13:37+00:00\" \/>\n<meta name=\"twitter:card\" content=\"summary_large_image\" \/>\n<script type=\"application\/ld+json\" class=\"yoast-schema-graph\">{\"@context\":\"https:\/\/schema.org\",\"@graph\":[{\"@type\":\"WebPage\",\"@id\":\"https:\/\/trankhoi.net\/chung-nhan-tieu-chuan\/\",\"url\":\"https:\/\/trankhoi.net\/chung-nhan-tieu-chuan\/\",\"name\":\"Ch\u1ee9ng nh\u1eadn, ti\u00eau chu\u1ea9n - SOMEKCO\",\"isPartOf\":{\"@id\":\"https:\/\/trankhoi.net\/#website\"},\"datePublished\":\"2025-05-06T09:10:44+00:00\",\"dateModified\":\"2025-05-08T08:13:37+00:00\",\"breadcrumb\":{\"@id\":\"https:\/\/trankhoi.net\/chung-nhan-tieu-chuan\/#breadcrumb\"},\"inLanguage\":\"en-US\",\"potentialAction\":[{\"@type\":\"ReadAction\",\"target\":[\"https:\/\/trankhoi.net\/chung-nhan-tieu-chuan\/\"]}]},{\"@type\":\"BreadcrumbList\",\"@id\":\"https:\/\/trankhoi.net\/chung-nhan-tieu-chuan\/#breadcrumb\",\"itemListElement\":[{\"@type\":\"ListItem\",\"position\":1,\"name\":\"Trang ch\u1ee7\",\"item\":\"https:\/\/trankhoi.net\/\"},{\"@type\":\"ListItem\",\"position\":2,\"name\":\"Ch\u1ee9ng nh\u1eadn, ti\u00eau chu\u1ea9n\"}]},{\"@type\":\"WebSite\",\"@id\":\"https:\/\/trankhoi.net\/#website\",\"url\":\"https:\/\/trankhoi.net\/\",\"name\":\"SOMEKCO\",\"description\":\"C\u00f4ng ty xu\u1ea5t nh\u1eadp kh\u1ea9u s\u1ea3n ph\u1ea9m d\u1eeba b\u1ebfn tre\",\"potentialAction\":[{\"@type\":\"SearchAction\",\"target\":{\"@type\":\"EntryPoint\",\"urlTemplate\":\"https:\/\/trankhoi.net\/?s={search_term_string}\"},\"query-input\":{\"@type\":\"PropertyValueSpecification\",\"valueRequired\":true,\"valueName\":\"search_term_string\"}}],\"inLanguage\":\"en-US\"}]}<\/script>\n<!-- \/ Yoast SEO plugin. -->","yoast_head_json":{"title":"Ch\u1ee9ng nh\u1eadn, ti\u00eau chu\u1ea9n - SOMEKCO","robots":{"index":"noindex","follow":"follow","max-snippet":"max-snippet:-1","max-image-preview":"max-image-preview:large","max-video-preview":"max-video-preview:-1"},"og_locale":"en_US","og_type":"article","og_title":"Ch\u1ee9ng nh\u1eadn, ti\u00eau chu\u1ea9n - SOMEKCO","og_url":"https:\/\/trankhoi.net\/en\/chung-nhan-tieu-chuan\/","og_site_name":"SOMEKCO","article_modified_time":"2025-05-08T08:13:37+00:00","twitter_card":"summary_large_image","schema":{"@context":"https:\/\/schema.org","@graph":[{"@type":"WebPage","@id":"https:\/\/trankhoi.net\/chung-nhan-tieu-chuan\/","url":"https:\/\/trankhoi.net\/chung-nhan-tieu-chuan\/","name":"Ch\u1ee9ng nh\u1eadn, ti\u00eau chu\u1ea9n - SOMEKCO","isPartOf":{"@id":"https:\/\/trankhoi.net\/#website"},"datePublished":"2025-05-06T09:10:44+00:00","dateModified":"2025-05-08T08:13:37+00:00","breadcrumb":{"@id":"https:\/\/trankhoi.net\/chung-nhan-tieu-chuan\/#breadcrumb"},"inLanguage":"en-US","potentialAction":[{"@type":"ReadAction","target":["https:\/\/trankhoi.net\/chung-nhan-tieu-chuan\/"]}]},{"@type":"BreadcrumbList","@id":"https:\/\/trankhoi.net\/chung-nhan-tieu-chuan\/#breadcrumb","itemListElement":[{"@type":"ListItem","position":1,"name":"Trang ch\u1ee7","item":"https:\/\/trankhoi.net\/"},{"@type":"ListItem","position":2,"name":"Ch\u1ee9ng nh\u1eadn, ti\u00eau chu\u1ea9n"}]},{"@type":"WebSite","@id":"https:\/\/trankhoi.net\/#website","url":"https:\/\/trankhoi.net\/","name":"SOMEKCO","description":"C\u00f4ng ty xu\u1ea5t nh\u1eadp kh\u1ea9u s\u1ea3n ph\u1ea9m d\u1eeba b\u1ebfn tre","potentialAction":[{"@type":"SearchAction","target":{"@type":"EntryPoint","urlTemplate":"https:\/\/trankhoi.net\/?s={search_term_string}"},"query-input":{"@type":"PropertyValueSpecification","valueRequired":true,"valueName":"search_term_string"}}],"inLanguage":"en-US"}]}},"_links":{"self":[{"href":"https:\/\/trankhoi.net\/en\/wp-json\/wp\/v2\/pages\/1362","targetHints":{"allow":["GET"]}}],"collection":[{"href":"https:\/\/trankhoi.net\/en\/wp-json\/wp\/v2\/pages"}],"about":[{"href":"https:\/\/trankhoi.net\/en\/wp-json\/wp\/v2\/types\/page"}],"author":[{"embeddable":true,"href":"https:\/\/trankhoi.net\/en\/wp-json\/wp\/v2\/users\/2"}],"replies":[{"embeddable":true,"href":"https:\/\/trankhoi.net\/en\/wp-json\/wp\/v2\/comments?post=1362"}],"version-history":[{"count":6,"href":"https:\/\/trankhoi.net\/en\/wp-json\/wp\/v2\/pages\/1362\/revisions"}],"predecessor-version":[{"id":1735,"href":"https:\/\/trankhoi.net\/en\/wp-json\/wp\/v2\/pages\/1362\/revisions\/1735"}],"wp:attachment":[{"href":"https:\/\/trankhoi.net\/en\/wp-json\/wp\/v2\/media?parent=1362"}],"curies":[{"name":"wp","href":"https:\/\/api.w.org\/{rel}","templated":true}]}}